{"id":9885,"date":"2025-06-23T11:06:07","date_gmt":"2025-06-23T09:06:07","guid":{"rendered":"https:\/\/husein-products.com\/?post_type=product&#038;p=9885"},"modified":"2025-07-21T13:44:28","modified_gmt":"2025-07-21T11:44:28","slug":"wolf-snack-aus-haehnchenfleisch-gefluegelfleischwurst","status":"publish","type":"product","link":"https:\/\/husein-products.com\/ru\/product\/wolf-snack-aus-haehnchenfleisch-gefluegelfleischwurst\/","title":{"rendered":"Wolf Snack aus H\u00e4hnchenfleisch &#8211; Gefl\u00fcgelfleischwurst"},"content":{"rendered":"<p>Halal Wolf Snack aus H\u00e4hnchenfleisch -Gefl\u00fcgelfleischwurst einfach mit Trinkwasser und Kartoffelst\u00e4rke <\/p>\n<p>39% H\u00e4hnchenfleisch, 27% H\u00e4hnchenhaut, H\u00e4hnchenfett, Trinkwasser, 3% Kartoffelst\u00e4rke, Kochsalz, Zucker, Zwiebeln, Gew\u00fcrze, Dextrose, W\u00fcrze, Aromen, Antioxidationsmittel (E300), Farbstoff (E120), Geschmacksverst\u00e4rker (E621), Konservierungsstoff (E250), S\u00e4ureregulatoren (E262, E331), Stabilisatoren (E450, E451), Verdickungsmittel (E412). Wursth\u00fclle nicht essbar. <\/p>","protected":false},"excerpt":{"rendered":"<p>Halal Wolf Snack aus H\u00e4hnchenfleisch -Gefl\u00fcgelfleischwurst einfach mit Trinkwasser und Kartoffelst\u00e4rke 39% H\u00e4hnchenfleisch, 27% H\u00e4hnchenhaut, H\u00e4hnchenfett, Trinkwasser, 3% Kartoffelst\u00e4rke, Kochsalz, Zucker, Zwiebeln, Gew\u00fcrze, Dextrose, W\u00fcrze,&#8230;<\/p>","protected":false},"featured_media":9886,"template":"","meta":[],"etheme_brands":[{"term_id":85,"name":"Lamberg","slug":"lamberg","term_group":0,"term_taxonomy_id":85,"taxonomy":"brand","description":"","parent":0,"count":1,"filter":"raw"}],"product_brand":[],"product_cat":[15],"product_tag":[],"class_list":{"0":"post-9885","1":"product","2":"type-product","3":"status-publish","4":"has-post-thumbnail","6":"brand-lamberg","7":"product_cat-alle","9":"first","10":"instock","11":"taxable","12":"shipping-taxable","13":"product-type-simple"},"supplier_id":null,"supplier_sku":"","barcode":null,"atum_controlled":true,"out_stock_date":null,"out_stock_threshold":null,"inheritable":false,"inbound_stock":3330,"stock_on_hold":1600,"sold_today":0,"sales_last_days":0,"reserved_stock":null,"customer_returns":null,"warehouse_damage":null,"lost_in_post":null,"other_logs":null,"out_stock_days":0,"lost_sales":0,"has_location":false,"update_date":"2026-04-10T01:18:42","atum_locations":[],"atum_stock_status":"instock","restock_status":false,"low_stock_amount":"","sales_update_date":"2026-04-10T01:18:42","calc_backorders":null,"_links":{"self":[{"href":"https:\/\/husein-products.com\/ru\/wp-json\/wp\/v2\/product\/9885","targetHints":{"allow":["GET"]}}],"collection":[{"href":"https:\/\/husein-products.com\/ru\/wp-json\/wp\/v2\/product"}],"about":[{"href":"https:\/\/husein-products.com\/ru\/wp-json\/wp\/v2\/types\/product"}],"version-history":[{"count":1,"href":"https:\/\/husein-products.com\/ru\/wp-json\/wp\/v2\/product\/9885\/revisions"}],"predecessor-version":[{"id":9887,"href":"https:\/\/husein-products.com\/ru\/wp-json\/wp\/v2\/product\/9885\/revisions\/9887"}],"wp:featuredmedia":[{"embeddable":true,"href":"https:\/\/husein-products.com\/ru\/wp-json\/wp\/v2\/media\/9886"}],"wp:attachment":[{"href":"https:\/\/husein-products.com\/ru\/wp-json\/wp\/v2\/media?parent=9885"}],"wp:term":[{"taxonomy":"brand","embeddable":true,"href":"https:\/\/husein-products.com\/ru\/wp-json\/wp\/v2\/etheme_brands?post=9885"},{"taxonomy":"product_brand","embeddable":true,"href":"https:\/\/husein-products.com\/ru\/wp-json\/wp\/v2\/product_brand?post=9885"},{"taxonomy":"product_cat","embeddable":true,"href":"https:\/\/husein-products.com\/ru\/wp-json\/wp\/v2\/product_cat?post=9885"},{"taxonomy":"product_tag","embeddable":true,"href":"https:\/\/husein-products.com\/ru\/wp-json\/wp\/v2\/product_tag?post=9885"}],"curies":[{"name":"wp","href":"https:\/\/api.w.org\/{rel}","templated":true}]}}