{"id":7961,"date":"2021-02-02T16:27:57","date_gmt":"2021-02-02T15:27:57","guid":{"rendered":"https:\/\/husein-products.com\/?post_type=product&#038;p=7961"},"modified":"2025-07-21T10:22:42","modified_gmt":"2025-07-21T08:22:42","slug":"teigtaschen-halal-wareniki-mit-kartoffelfuellung-tiefgefroren-1000g","status":"publish","type":"product","link":"https:\/\/husein-products.com\/ru\/product\/teigtaschen-halal-wareniki-mit-kartoffelfuellung-tiefgefroren-1000g\/","title":{"rendered":"\u041a\u0430\u0432\u043a\u0430\u0437\u0441\u043a\u0438\u0435 \u043f\u0435\u043b\u044c\u043c\u0435\u043d\u0438 \u0441 \u043a\u0430\u0440\u0442\u043e\u0444\u0435\u043b\u044c\u043d\u043e\u0439 \u043d\u0430\u0447\u0438\u043d\u043a\u043e\u0439"},"content":{"rendered":"<p>Teigtaschen mit Kartoffelf\u00fcllung, tiefgefroren<\/p>\n<p class=\"translation-block\"><strong>Zutaten:<\/strong> 58% Teig (WEIZENMEHL, Trinkwasser, Raps\u00f6l, Kochsalz, VOLLEI), 42% F\u00fcllung ( 80% Kartoffeln, Trinkwasser, Zwiebeln, Kochsalz, Palm\u00f6l, Gew\u00fcrze). Kann Spuren enthalten von ERDN\u00dcSSEN, SOJA, MILCH, SELLERIE, SENF.<\/p>\n<p class=\"translation-block\"><strong>Durchschnittliche N\u00e4hrwerte je 100 g<\/strong><br>\nBrennwert 752 kJ | 179 kcal<br>\nFett 2,0 g<br>\ndavon: ges\u00e4ttigte Fetts\u00e4uren 0,3 g<br>\nKohlenhydrate 35,0 g<br>\ndavon: Zucker 5,6 g<br>\nEiwei\u00df 5,1 g<br>\nSalz 1,1 g<\/p>\n<p>10 Packungen je Karton<\/p>","protected":false},"excerpt":{"rendered":"<p>10 Packungen je Karton<\/p>","protected":false},"featured_media":9228,"template":"","meta":[],"etheme_brands":[],"product_brand":[],"product_cat":[88,80],"product_tag":[],"class_list":{"0":"post-7961","1":"product","2":"type-product","3":"status-publish","4":"has-post-thumbnail","6":"product_cat-teigtaschen","7":"product_cat-tiefkuehl","9":"first","10":"onbackorder","11":"taxable","12":"shipping-taxable","13":"product-type-simple"},"supplier_id":8099,"supplier_sku":"","barcode":null,"atum_controlled":true,"out_stock_date":"2021-02-09 17:37:05","out_stock_threshold":null,"inheritable":false,"inbound_stock":270,"stock_on_hold":810,"sold_today":0,"sales_last_days":0,"reserved_stock":0,"customer_returns":0,"warehouse_damage":0,"lost_in_post":0,"other_logs":0,"out_stock_days":1885,"lost_sales":0,"has_location":false,"update_date":"2026-04-10T01:18:42","atum_locations":[],"atum_stock_status":"onbackorder","restock_status":false,"low_stock_amount":"","sales_update_date":"2026-04-10T01:18:42","calc_backorders":0,"_links":{"self":[{"href":"https:\/\/husein-products.com\/ru\/wp-json\/wp\/v2\/product\/7961","targetHints":{"allow":["GET"]}}],"collection":[{"href":"https:\/\/husein-products.com\/ru\/wp-json\/wp\/v2\/product"}],"about":[{"href":"https:\/\/husein-products.com\/ru\/wp-json\/wp\/v2\/types\/product"}],"version-history":[{"count":1,"href":"https:\/\/husein-products.com\/ru\/wp-json\/wp\/v2\/product\/7961\/revisions"}],"predecessor-version":[{"id":9727,"href":"https:\/\/husein-products.com\/ru\/wp-json\/wp\/v2\/product\/7961\/revisions\/9727"}],"wp:featuredmedia":[{"embeddable":true,"href":"https:\/\/husein-products.com\/ru\/wp-json\/wp\/v2\/media\/9228"}],"wp:attachment":[{"href":"https:\/\/husein-products.com\/ru\/wp-json\/wp\/v2\/media?parent=7961"}],"wp:term":[{"taxonomy":"brand","embeddable":true,"href":"https:\/\/husein-products.com\/ru\/wp-json\/wp\/v2\/etheme_brands?post=7961"},{"taxonomy":"product_brand","embeddable":true,"href":"https:\/\/husein-products.com\/ru\/wp-json\/wp\/v2\/product_brand?post=7961"},{"taxonomy":"product_cat","embeddable":true,"href":"https:\/\/husein-products.com\/ru\/wp-json\/wp\/v2\/product_cat?post=7961"},{"taxonomy":"product_tag","embeddable":true,"href":"https:\/\/husein-products.com\/ru\/wp-json\/wp\/v2\/product_tag?post=7961"}],"curies":[{"name":"wp","href":"https:\/\/api.w.org\/{rel}","templated":true}]}}