{"id":7959,"date":"2021-02-02T16:20:49","date_gmt":"2021-02-02T15:20:49","guid":{"rendered":"https:\/\/husein-products.com\/?post_type=product&#038;p=7959"},"modified":"2025-07-21T10:23:07","modified_gmt":"2025-07-21T08:23:07","slug":"rindfleisch-wuerste-halal-sardelki-mit-huhn-geraeuchert-450g","status":"publish","type":"product","link":"https:\/\/husein-products.com\/ru\/product\/rindfleisch-wuerste-halal-sardelki-mit-huhn-geraeuchert-450g\/","title":{"rendered":"\u0421\u0430\u0440\u0434\u0435\u043b\u044c\u043a\u0438 \u043a\u0430\u0432\u043a\u0430\u0437\u0441\u043a\u0438\u0435, \u0433\u043e\u0432\u044f\u0436\u044c\u0438 \u043a\u043e\u043b\u0431\u0430\u0441\u043a\u0438 \u0441 \u043a\u0443\u0440\u0438\u0446\u0435\u0439"},"content":{"rendered":"<section>\n<h2>\u0421\u0430\u0440\u0434\u0435\u043b\u044c\u043a\u0438 \u043a\u0430\u0432\u043a\u0430\u0437\u0441\u043a\u0438\u0435, \u0433\u043e\u0432\u044f\u0436\u044c\u0438 \u043a\u043e\u043b\u0431\u0430\u0441\u043a\u0438 \u0441 \u043a\u0443\u0440\u0438\u0446\u0435\u0439<\/h2>\n<p>Unsere Sardelki Caucasische W\u00fcrstchen kombinieren saftiges Rind- und H\u00e4hnchenfleisch f\u00fcr einen ausgewogenen und herzhaften Geschmack. Diese ger\u00e4ucherten W\u00fcrstchen sind perfekt f\u00fcr eine Vielzahl von Gerichten oder als herzhafter Snack zwischendurch. Sorgf\u00e4ltig hergestellt und unter Schutzatmosph\u00e4re verpackt, um Frische und Qualit\u00e4t zu bewahren.<\/p>\n<h3>\u0418\u043d\u0433\u0440\u0435\u0434\u0438\u0435\u043d\u0442\u044b:<\/h3>\n<p>48% Rindfleisch, 29% H\u00e4hnchenfleisch, Trinkwasser, Kochsalz, Gew\u00fcrze, Dextrose, Maltodextrin, Gew\u00fcrzextrakte, Aromen, Antioxidationsmittel (E316), Farbstoff (E120), Geschmacksverst\u00e4rker (E621), Konservierungsstoff (E250), S\u00e4ureregulator (E262, E331), Stabilisator (E450, E451), Rind-Collagenh\u00fclle (essbar), Buchenholzrauch.<\/p>\n<h3>\u0421\u0440\u0435\u0434\u043d\u044f\u044f \u043f\u0438\u0449\u0435\u0432\u0430\u044f \u0446\u0435\u043d\u043d\u043e\u0441\u0442\u044c \u043d\u0430 100 \u0433:<\/h3>\n<p>Brennwert: 729 kJ \/ 174 kcal<br \/>\nFett: 13,0 g<br \/>\ndavon ges\u00e4ttigte Fetts\u00e4uren: 5,0 g<br \/>\nKohlenhydrate: 1,0 g<br \/>\ndavon Zucker: 0,9 g<br \/>\n\u0411\u0435\u043b\u043e\u043a: 15,0 \u0433<br \/>\n\u0421\u043e\u043b\u044c: 2,3 \u0433<\/p>\n<p><strong>\u0415\u0434\u0438\u043d\u0438\u0446\u0430 \u0443\u043f\u0430\u043a\u043e\u0432\u043a\u0438:<\/strong> 21 Packungen je Karton<\/p>\n<\/section>","protected":false},"excerpt":{"rendered":"<p>21 Packungen je Karton<\/p>","protected":false},"featured_media":8054,"template":"","meta":[],"etheme_brands":[],"product_brand":[],"product_cat":[15,78],"product_tag":[],"class_list":{"0":"post-7959","1":"product","2":"type-product","3":"status-publish","4":"has-post-thumbnail","6":"product_cat-alle","7":"product_cat-wurst","9":"first","10":"instock","11":"taxable","12":"shipping-taxable","13":"product-type-simple"},"supplier_id":8099,"supplier_sku":"","barcode":null,"atum_controlled":true,"out_stock_date":null,"out_stock_threshold":null,"inheritable":false,"inbound_stock":45544,"stock_on_hold":11050,"sold_today":0,"sales_last_days":0,"reserved_stock":0,"customer_returns":0,"warehouse_damage":0,"lost_in_post":0,"other_logs":0,"out_stock_days":0,"lost_sales":0,"has_location":false,"update_date":"2026-04-10T01:18:42","atum_locations":[],"atum_stock_status":"instock","restock_status":false,"low_stock_amount":"","sales_update_date":"2026-04-10T01:18:42","calc_backorders":null,"_links":{"self":[{"href":"https:\/\/husein-products.com\/ru\/wp-json\/wp\/v2\/product\/7959","targetHints":{"allow":["GET"]}}],"collection":[{"href":"https:\/\/husein-products.com\/ru\/wp-json\/wp\/v2\/product"}],"about":[{"href":"https:\/\/husein-products.com\/ru\/wp-json\/wp\/v2\/types\/product"}],"version-history":[{"count":1,"href":"https:\/\/husein-products.com\/ru\/wp-json\/wp\/v2\/product\/7959\/revisions"}],"predecessor-version":[{"id":9728,"href":"https:\/\/husein-products.com\/ru\/wp-json\/wp\/v2\/product\/7959\/revisions\/9728"}],"wp:featuredmedia":[{"embeddable":true,"href":"https:\/\/husein-products.com\/ru\/wp-json\/wp\/v2\/media\/8054"}],"wp:attachment":[{"href":"https:\/\/husein-products.com\/ru\/wp-json\/wp\/v2\/media?parent=7959"}],"wp:term":[{"taxonomy":"brand","embeddable":true,"href":"https:\/\/husein-products.com\/ru\/wp-json\/wp\/v2\/etheme_brands?post=7959"},{"taxonomy":"product_brand","embeddable":true,"href":"https:\/\/husein-products.com\/ru\/wp-json\/wp\/v2\/product_brand?post=7959"},{"taxonomy":"product_cat","embeddable":true,"href":"https:\/\/husein-products.com\/ru\/wp-json\/wp\/v2\/product_cat?post=7959"},{"taxonomy":"product_tag","embeddable":true,"href":"https:\/\/husein-products.com\/ru\/wp-json\/wp\/v2\/product_tag?post=7959"}],"curies":[{"name":"wp","href":"https:\/\/api.w.org\/{rel}","templated":true}]}}