{"id":7953,"date":"2021-02-02T15:40:50","date_gmt":"2021-02-02T14:40:50","guid":{"rendered":"https:\/\/husein-products.com\/?post_type=product&#038;p=7953"},"modified":"2025-07-21T10:24:05","modified_gmt":"2025-07-21T08:24:05","slug":"gefluegel-frankfurter-halal-tavuk-sosis-600g","status":"publish","type":"product","link":"https:\/\/husein-products.com\/ru\/product\/gefluegel-frankfurter-halal-tavuk-sosis-600g\/","title":{"rendered":"\u0422\u0430\u0432\u0443\u043a \u0421\u043e\u0441\u0438\u0441"},"content":{"rendered":"<section>\n<h2>\u0422\u0430\u0432\u0443\u043a \u0421\u043e\u0441\u0438\u0441<\/h2>\n<p>Unser Tavuk Sosis 600g ist ein k\u00f6stliches Gefl\u00fcgelfleischerzeugnis, das sorgf\u00e4ltig aus H\u00e4hnchenseparatorenfleisch und zartem Putenfleisch hergestellt wird. Diese W\u00fcrstchen sind ideal f\u00fcr alle, die eine geschmackvolle und zugleich leichte Mahlzeit genie\u00dfen m\u00f6chten. Perfekt f\u00fcr schnelle Snacks oder als Erg\u00e4nzung zu Ihren Lieblingsgerichten.<\/p>\n<h3>\u0418\u043d\u0433\u0440\u0435\u0434\u0438\u0435\u043d\u0442\u044b:<\/h3>\n<p>35% H\u00e4hnchenseparatorenfleisch, Trinkwasser, 16% H\u00e4hnchenhaut, H\u00e4hnchenfett, 9% Putenfleisch, Kartoffelst\u00e4rke, Kochsalz, Gew\u00fcrze, Dextrose, Gew\u00fcrzextrakte, W\u00fcrze, Antioxidationsmittel (E316), Geschmacksverst\u00e4rker (E621), Konservierungsstoff (E250), S\u00e4ureregulator (E262), Stabilisator (E450, E451), Verdickungsmittel (E407a, E415, E466).<\/p>\n<p><em>Wursth\u00fclle nicht essbar. Unter Schutzatmosph\u00e4re verpackt.<\/em><\/p>\n<h3>\u0421\u0440\u0435\u0434\u043d\u044f\u044f \u043f\u0438\u0449\u0435\u0432\u0430\u044f \u0446\u0435\u043d\u043d\u043e\u0441\u0442\u044c \u043d\u0430 100 \u0433:<\/h3>\n<p>Brennwert: 893 kJ \/ 213 kcal<br \/>\n    Fett: 18,0 g<br \/>\n    davon ges\u00e4ttigte Fetts\u00e4uren: 5,6 g<br \/>\n    Kohlenhydrate: 2,4 g<br \/>\n    davon Zucker: 0 g<br \/>\n    Eiwei\u00df: 11,0 g<br \/>\n    Salz: 2,4 g<\/p>\n<p><strong>\u0415\u0434\u0438\u043d\u0438\u0446\u0430 \u0443\u043f\u0430\u043a\u043e\u0432\u043a\u0438:<\/strong> 16 Packungen je Karton<\/p>\n<\/section>","protected":false},"excerpt":{"rendered":"<p>16 Packungen je Karton<\/p>","protected":false},"featured_media":9232,"template":"","meta":[],"etheme_brands":[],"product_brand":[],"product_cat":[15],"product_tag":[],"class_list":{"0":"post-7953","1":"product","2":"type-product","3":"status-publish","4":"has-post-thumbnail","6":"product_cat-alle","8":"first","9":"instock","10":"taxable","11":"shipping-taxable","12":"product-type-simple"},"supplier_id":8099,"supplier_sku":"","barcode":null,"atum_controlled":true,"out_stock_date":null,"out_stock_threshold":null,"inheritable":false,"inbound_stock":24041,"stock_on_hold":10603,"sold_today":0,"sales_last_days":0,"reserved_stock":0,"customer_returns":0,"warehouse_damage":0,"lost_in_post":0,"other_logs":0,"out_stock_days":0,"lost_sales":0,"has_location":false,"update_date":"2026-04-10T01:18:42","atum_locations":[],"atum_stock_status":"instock","restock_status":false,"low_stock_amount":"","sales_update_date":"2026-04-10T01:18:42","calc_backorders":null,"_links":{"self":[{"href":"https:\/\/husein-products.com\/ru\/wp-json\/wp\/v2\/product\/7953","targetHints":{"allow":["GET"]}}],"collection":[{"href":"https:\/\/husein-products.com\/ru\/wp-json\/wp\/v2\/product"}],"about":[{"href":"https:\/\/husein-products.com\/ru\/wp-json\/wp\/v2\/types\/product"}],"version-history":[{"count":1,"href":"https:\/\/husein-products.com\/ru\/wp-json\/wp\/v2\/product\/7953\/revisions"}],"predecessor-version":[{"id":9730,"href":"https:\/\/husein-products.com\/ru\/wp-json\/wp\/v2\/product\/7953\/revisions\/9730"}],"wp:featuredmedia":[{"embeddable":true,"href":"https:\/\/husein-products.com\/ru\/wp-json\/wp\/v2\/media\/9232"}],"wp:attachment":[{"href":"https:\/\/husein-products.com\/ru\/wp-json\/wp\/v2\/media?parent=7953"}],"wp:term":[{"taxonomy":"brand","embeddable":true,"href":"https:\/\/husein-products.com\/ru\/wp-json\/wp\/v2\/etheme_brands?post=7953"},{"taxonomy":"product_brand","embeddable":true,"href":"https:\/\/husein-products.com\/ru\/wp-json\/wp\/v2\/product_brand?post=7953"},{"taxonomy":"product_cat","embeddable":true,"href":"https:\/\/husein-products.com\/ru\/wp-json\/wp\/v2\/product_cat?post=7953"},{"taxonomy":"product_tag","embeddable":true,"href":"https:\/\/husein-products.com\/ru\/wp-json\/wp\/v2\/product_tag?post=7953"}],"curies":[{"name":"wp","href":"https:\/\/api.w.org\/{rel}","templated":true}]}}