{"id":7946,"date":"2021-02-02T15:03:48","date_gmt":"2021-02-02T14:03:48","guid":{"rendered":"https:\/\/husein-products.com\/?post_type=product&#038;p=7946"},"modified":"2025-07-21T10:25:14","modified_gmt":"2025-07-21T08:25:14","slug":"gefluegel-krakauer-halal-fadjr-halbgeraeuchert-280g","status":"publish","type":"product","link":"https:\/\/husein-products.com\/ru\/product\/gefluegel-krakauer-halal-fadjr-halbgeraeuchert-280g\/","title":{"rendered":"Fadjr - \u041a\u0440\u0430\u043a\u0430\u0443\u044d\u0440 \u0438\u0437 \u0434\u043e\u043c\u0430\u0448\u043d\u0435\u0439 \u043f\u0442\u0438\u0446\u044b"},"content":{"rendered":"<div class=\"product-description\">\n<h2>Fadjr \u2013 Gefl\u00fcgel-Krakauer<\/h2>\n<p>Unsere Fadjr Gefl\u00fcgel-Krakauer ist eine hochwertige, halbger\u00e4ucherte Wurst, die aus einer feinen Mischung von H\u00e4hnchen- und Putenfleisch hergestellt wird. Sie ist perfekt f\u00fcr Liebhaber von herzhaftem Geschmack und bietet ein au\u00dfergew\u00f6hnliches Aroma, das durch sorgf\u00e4ltige R\u00e4ucherung mit Buchenholz erreicht wird.<\/p>\n<h3>Zutaten<\/h3>\n<p>50% H\u00e4hnchenfleisch, 48% Putenfleisch, Trinkwasser, Kochsalz, H\u00e4hnchenhaut, H\u00e4hnchenfett, Kartoffelst\u00e4rke, Zucker, Zwiebeln, Gew\u00fcrze, Dextrose, Hefeeextrakt, W\u00fcrze, Aromen, Antioxidationsmittel (E300), Farbstoff (E120), Geschmacksverst\u00e4rker (E621), Konservierungsstoff (E250), S\u00e4ureregulator (E262, E331), Stabilisator (E450, E451), Verdickungsmittel (E412), Buchenholzrauch.<\/p>\n<p><strong>Hinweis:<\/strong> Wursth\u00fclle nicht essbar. Unter Schutzatmosph\u00e4re verpackt.<\/p>\n<h3>Durchschnittliche N\u00e4hrwerte je 100 g<\/h3>\n<p>Brennwert: 753 kJ \/ 179 kcal<br \/>\n    Fett: 10,0 g<br \/>\n    davon ges\u00e4ttigte Fetts\u00e4uren: 4,0 g<br \/>\n    Kohlenhydrate: 1,3 g<br \/>\n    \u0438\u0437 \u043d\u0438\u0445 \u0441\u0430\u0445\u0430\u0440: 1,1 \u0433<br \/>\n    Eiwei\u00df: 21,0 g<br \/>\n    Salz: 2,1 g<\/p>\n<p>Verpackungseinheit: 40 Packungen je Karton<\/p>\n<\/div>","protected":false},"excerpt":{"rendered":"<p>40 Packungen je Karton<\/p>","protected":false},"featured_media":8060,"template":"","meta":[],"etheme_brands":[],"product_brand":[],"product_cat":[15],"product_tag":[],"class_list":{"0":"post-7946","1":"product","2":"type-product","3":"status-publish","4":"has-post-thumbnail","6":"product_cat-alle","8":"first","9":"instock","10":"taxable","11":"shipping-taxable","12":"product-type-simple"},"supplier_id":null,"supplier_sku":"","barcode":null,"atum_controlled":true,"out_stock_date":null,"out_stock_threshold":null,"inheritable":false,"inbound_stock":7802,"stock_on_hold":15486,"sold_today":0,"sales_last_days":0,"reserved_stock":0,"customer_returns":0,"warehouse_damage":0,"lost_in_post":0,"other_logs":0,"out_stock_days":0,"lost_sales":0,"has_location":false,"update_date":"2026-04-10T01:18:42","atum_locations":[],"atum_stock_status":"instock","restock_status":false,"low_stock_amount":"","sales_update_date":"2026-04-10T01:18:42","calc_backorders":null,"_links":{"self":[{"href":"https:\/\/husein-products.com\/ru\/wp-json\/wp\/v2\/product\/7946","targetHints":{"allow":["GET"]}}],"collection":[{"href":"https:\/\/husein-products.com\/ru\/wp-json\/wp\/v2\/product"}],"about":[{"href":"https:\/\/husein-products.com\/ru\/wp-json\/wp\/v2\/types\/product"}],"version-history":[{"count":1,"href":"https:\/\/husein-products.com\/ru\/wp-json\/wp\/v2\/product\/7946\/revisions"}],"predecessor-version":[{"id":9598,"href":"https:\/\/husein-products.com\/ru\/wp-json\/wp\/v2\/product\/7946\/revisions\/9598"}],"wp:featuredmedia":[{"embeddable":true,"href":"https:\/\/husein-products.com\/ru\/wp-json\/wp\/v2\/media\/8060"}],"wp:attachment":[{"href":"https:\/\/husein-products.com\/ru\/wp-json\/wp\/v2\/media?parent=7946"}],"wp:term":[{"taxonomy":"brand","embeddable":true,"href":"https:\/\/husein-products.com\/ru\/wp-json\/wp\/v2\/etheme_brands?post=7946"},{"taxonomy":"product_brand","embeddable":true,"href":"https:\/\/husein-products.com\/ru\/wp-json\/wp\/v2\/product_brand?post=7946"},{"taxonomy":"product_cat","embeddable":true,"href":"https:\/\/husein-products.com\/ru\/wp-json\/wp\/v2\/product_cat?post=7946"},{"taxonomy":"product_tag","embeddable":true,"href":"https:\/\/husein-products.com\/ru\/wp-json\/wp\/v2\/product_tag?post=7946"}],"curies":[{"name":"wp","href":"https:\/\/api.w.org\/{rel}","templated":true}]}}