{"id":7939,"date":"2021-02-02T14:28:58","date_gmt":"2021-02-02T13:28:58","guid":{"rendered":"https:\/\/husein-products.com\/?post_type=product&#038;p=7939"},"modified":"2025-07-21T10:26:38","modified_gmt":"2025-07-21T08:26:38","slug":"gefluegel-krakauer-halal-marva-halbgeraeuchert-350g","status":"publish","type":"product","link":"https:\/\/husein-products.com\/ru\/product\/gefluegel-krakauer-halal-marva-halbgeraeuchert-350g\/","title":{"rendered":"\u041c\u0430\u0440\u0432\u0430 - \u041f\u0442\u0438\u0447\u0438\u0439 \u043a\u0440\u0430\u043a\u0430\u0443\u044d\u0440"},"content":{"rendered":"<div class=\"product-description\">\n<h2>\u0421\u0435\u0440\u0432\u0435\u043b\u0430\u0442 - \u0421\u0430\u043b\u044f\u043c\u0438 \u0438\u0437 \u0433\u043e\u0432\u044f\u0434\u0438\u043d\u044b 400 \u0433<\/h2>\n<p>Unsere Servelat Rinderkochsalami ist eine klassische Delikatesse, die mit gr\u00f6\u00dfter Sorgfalt und Leidenschaft hergestellt wird. Diese hei\u00dfger\u00e4ucherte Wurst bietet ein vollmundiges und reichhaltiges Aroma, das durch die Verwendung von hochwertigen Rindfleischzutaten und einer traditionellen R\u00e4ucherung mit Buchenholz erreicht wird.<\/p>\n<h3>Zutaten<\/h3>\n<p>86% Rindfleisch, Rinderfett, Trinkwasser, Kochsalz, Gew\u00fcrze, Maltodextrin, Gew\u00fcrzextrakte, Aromen, Antioxidationsmittel (E316), Geschmacksverst\u00e4rker (E621), Konservierungsstoff (E250), S\u00e4ureregulator (E262, E331), Stabilisator (E450, E451), Buchenholzrauch.<\/p>\n<p><strong>Hinweis:<\/strong> \u041a\u043e\u043b\u0431\u0430\u0441\u043d\u0430\u044f \u043e\u0431\u043e\u043b\u043e\u0447\u043a\u0430 \u043d\u0435 \u0441\u044a\u0435\u0434\u043e\u0431\u043d\u0430.<\/p>\n<h3>Durchschnittliche N\u00e4hrwerte je 100 g<\/h3>\n<p>\u0422\u0435\u043f\u043b\u043e\u0442\u0432\u043e\u0440\u043d\u0430\u044f \u0441\u043f\u043e\u0441\u043e\u0431\u043d\u043e\u0441\u0442\u044c: 1074 \u043a\u0414\u0436 \/ 256 \u043a\u043a\u0430\u043b<br \/>\n    \u0416\u0438\u0440: 22,0 \u0433<br \/>\n    \u0438\u0437 \u043a\u043e\u0442\u043e\u0440\u044b\u0445 \u043d\u0430\u0441\u044b\u0449\u0435\u043d\u043d\u044b\u0435 \u0436\u0438\u0440\u043d\u044b\u0435 \u043a\u0438\u0441\u043b\u043e\u0442\u044b: 8,7 \u0433<br \/>\n    \u0423\u0433\u043b\u0435\u0432\u043e\u0434\u044b: 1,2 \u0433<br \/>\n    \u0438\u0437 \u043d\u0438\u0445 \u0441\u0430\u0445\u0430\u0440: 1,1 \u0433<br \/>\n    \u0411\u0435\u043b\u043e\u043a: 15,0 \u0433<br \/>\n    \u0421\u043e\u043b\u044c: 2,3 \u0433<\/p>\n<p>Verpackungseinheit: 40 Packungen je Karton<\/p>\n<\/div>","protected":false},"excerpt":{"rendered":"<p>18 Packungen je Karton<\/p>","protected":false},"featured_media":8058,"template":"","meta":[],"etheme_brands":[],"product_brand":[],"product_cat":[15,78],"product_tag":[],"class_list":{"0":"post-7939","1":"product","2":"type-product","3":"status-publish","4":"has-post-thumbnail","6":"product_cat-alle","7":"product_cat-wurst","9":"first","10":"instock","11":"taxable","12":"shipping-taxable","13":"product-type-simple"},"supplier_id":8099,"supplier_sku":"","barcode":null,"atum_controlled":true,"out_stock_date":null,"out_stock_threshold":null,"inheritable":false,"inbound_stock":25484,"stock_on_hold":10844,"sold_today":0,"sales_last_days":0,"reserved_stock":0,"customer_returns":0,"warehouse_damage":0,"lost_in_post":0,"other_logs":0,"out_stock_days":0,"lost_sales":0,"has_location":false,"update_date":"2026-04-12T01:32:14","atum_locations":[],"atum_stock_status":"instock","restock_status":false,"low_stock_amount":"","sales_update_date":"2026-04-12T01:32:14","calc_backorders":null,"_links":{"self":[{"href":"https:\/\/husein-products.com\/ru\/wp-json\/wp\/v2\/product\/7939","targetHints":{"allow":["GET"]}}],"collection":[{"href":"https:\/\/husein-products.com\/ru\/wp-json\/wp\/v2\/product"}],"about":[{"href":"https:\/\/husein-products.com\/ru\/wp-json\/wp\/v2\/types\/product"}],"version-history":[{"count":1,"href":"https:\/\/husein-products.com\/ru\/wp-json\/wp\/v2\/product\/7939\/revisions"}],"predecessor-version":[{"id":9610,"href":"https:\/\/husein-products.com\/ru\/wp-json\/wp\/v2\/product\/7939\/revisions\/9610"}],"wp:featuredmedia":[{"embeddable":true,"href":"https:\/\/husein-products.com\/ru\/wp-json\/wp\/v2\/media\/8058"}],"wp:attachment":[{"href":"https:\/\/husein-products.com\/ru\/wp-json\/wp\/v2\/media?parent=7939"}],"wp:term":[{"taxonomy":"brand","embeddable":true,"href":"https:\/\/husein-products.com\/ru\/wp-json\/wp\/v2\/etheme_brands?post=7939"},{"taxonomy":"product_brand","embeddable":true,"href":"https:\/\/husein-products.com\/ru\/wp-json\/wp\/v2\/product_brand?post=7939"},{"taxonomy":"product_cat","embeddable":true,"href":"https:\/\/husein-products.com\/ru\/wp-json\/wp\/v2\/product_cat?post=7939"},{"taxonomy":"product_tag","embeddable":true,"href":"https:\/\/husein-products.com\/ru\/wp-json\/wp\/v2\/product_tag?post=7939"}],"curies":[{"name":"wp","href":"https:\/\/api.w.org\/{rel}","templated":true}]}}