{"id":7916,"date":"2021-02-02T13:51:32","date_gmt":"2021-02-02T12:51:32","guid":{"rendered":"https:\/\/husein-products.com\/?post_type=product&#038;p=7916"},"modified":"2025-07-21T10:27:07","modified_gmt":"2025-07-21T08:27:07","slug":"teigtaschen-caucasus-mit-rindfleisch","status":"publish","type":"product","link":"https:\/\/husein-products.com\/ru\/product\/teigtaschen-caucasus-mit-rindfleisch\/","title":{"rendered":"\u041a\u0430\u0432\u043a\u0430\u0437\u0441\u043a\u0438\u0435 \u043f\u0435\u043b\u044c\u043c\u0435\u043d\u0438 \u0441 \u0433\u043e\u0432\u044f\u0434\u0438\u043d\u043e\u0439"},"content":{"rendered":"<section>\n<h2>\u041a\u0430\u0432\u043a\u0430\u0437\u0441\u043a\u0438\u0435 \u043f\u0435\u043b\u044c\u043c\u0435\u043d\u0438 \u0441 \u0433\u043e\u0432\u044f\u0434\u0438\u043d\u043e\u0439<\/h2>\n<p>Erleben Sie den unverwechselbaren Geschmack des Kaukasus mit unseren k\u00f6stlichen Teigtaschen, gef\u00fcllt mit saftigem Rindfleisch. Diese tiefgefrorenen Teigtaschen sind sorgf\u00e4ltig zubereitet, um Ihnen eine einfache und dennoch genussvolle Mahlzeit zu bieten, die sich durch ihre Frische und Qualit\u00e4t auszeichnet.<\/p>\n<h3>\u0418\u043d\u0433\u0440\u0435\u0434\u0438\u0435\u043d\u0442\u044b:<\/h3>\n<p>Teig (55%): WEIZENMEHL, Trinkwasser, Raps\u00f6l, Kochsalz.<br \/>\nFleischf\u00fcllung (45%): Rindfleisch (64%), Zwiebeln, Trinkwasser, Kochsalz, Gew\u00fcrze.<br \/>\n<em>Kann Spuren von Ei, Erdn\u00fcssen, Soja, Milch, Sellerie und Senf enthalten.<\/em><\/p>\n<h3>\u0421\u0440\u0435\u0434\u043d\u044f\u044f \u043f\u0438\u0449\u0435\u0432\u0430\u044f \u0446\u0435\u043d\u043d\u043e\u0441\u0442\u044c \u043d\u0430 100 \u0433:<\/h3>\n<p>Brennwert: 896 kJ \/ 213 kcal<br \/>\nFett: 7,4 g<br \/>\ndavon ges\u00e4ttigte Fetts\u00e4uren: 2,5 g<br \/>\nKohlenhydrate: 27,0 g<br \/>\ndavon Zucker: 0,0 g<br \/>\nEiwei\u00df: 9,3 g<br \/>\nSalz: 1,2 g<\/p>\n<p><strong>\u0415\u0434\u0438\u043d\u0438\u0446\u0430 \u0443\u043f\u0430\u043a\u043e\u0432\u043a\u0438:<\/strong> 10 Packungen je Karton<\/p>\n<\/section>","protected":false},"excerpt":{"rendered":"<p>10 Packungen je Karton<\/p>","protected":false},"featured_media":9229,"template":"","meta":[],"etheme_brands":[],"product_brand":[],"product_cat":[88,80],"product_tag":[],"class_list":{"0":"post-7916","1":"product","2":"type-product","3":"status-publish","4":"has-post-thumbnail","6":"product_cat-teigtaschen","7":"product_cat-tiefkuehl","9":"first","10":"instock","11":"taxable","12":"shipping-taxable","13":"product-type-simple"},"supplier_id":8099,"supplier_sku":"","barcode":null,"atum_controlled":true,"out_stock_date":"2021-02-18 11:41:27","out_stock_threshold":null,"inheritable":false,"inbound_stock":1080,"stock_on_hold":3470,"sold_today":0,"sales_last_days":0,"reserved_stock":0,"customer_returns":0,"warehouse_damage":0,"lost_in_post":0,"other_logs":0,"out_stock_days":1876,"lost_sales":0,"has_location":false,"update_date":"2026-04-10T01:18:42","atum_locations":[],"atum_stock_status":"instock","restock_status":false,"low_stock_amount":"","sales_update_date":"2026-04-10T01:18:42","calc_backorders":null,"_links":{"self":[{"href":"https:\/\/husein-products.com\/ru\/wp-json\/wp\/v2\/product\/7916","targetHints":{"allow":["GET"]}}],"collection":[{"href":"https:\/\/husein-products.com\/ru\/wp-json\/wp\/v2\/product"}],"about":[{"href":"https:\/\/husein-products.com\/ru\/wp-json\/wp\/v2\/types\/product"}],"version-history":[{"count":2,"href":"https:\/\/husein-products.com\/ru\/wp-json\/wp\/v2\/product\/7916\/revisions"}],"predecessor-version":[{"id":9916,"href":"https:\/\/husein-products.com\/ru\/wp-json\/wp\/v2\/product\/7916\/revisions\/9916"}],"wp:featuredmedia":[{"embeddable":true,"href":"https:\/\/husein-products.com\/ru\/wp-json\/wp\/v2\/media\/9229"}],"wp:attachment":[{"href":"https:\/\/husein-products.com\/ru\/wp-json\/wp\/v2\/media?parent=7916"}],"wp:term":[{"taxonomy":"brand","embeddable":true,"href":"https:\/\/husein-products.com\/ru\/wp-json\/wp\/v2\/etheme_brands?post=7916"},{"taxonomy":"product_brand","embeddable":true,"href":"https:\/\/husein-products.com\/ru\/wp-json\/wp\/v2\/product_brand?post=7916"},{"taxonomy":"product_cat","embeddable":true,"href":"https:\/\/husein-products.com\/ru\/wp-json\/wp\/v2\/product_cat?post=7916"},{"taxonomy":"product_tag","embeddable":true,"href":"https:\/\/husein-products.com\/ru\/wp-json\/wp\/v2\/product_tag?post=7916"}],"curies":[{"name":"wp","href":"https:\/\/api.w.org\/{rel}","templated":true}]}}