{"id":5170,"date":"2017-03-28T08:43:44","date_gmt":"2017-03-28T08:43:44","guid":{"rendered":"https:\/\/xstore.8theme.com\/demos\/minimal\/?page_id=5170"},"modified":"2024-08-26T17:35:52","modified_gmt":"2024-08-26T15:35:52","slug":"contact-us","status":"publish","type":"page","link":"https:\/\/husein-products.com\/ru\/contact-us\/","title":{"rendered":"\u0421\u0432\u044f\u0436\u0438\u0442\u0435\u0441\u044c \u0441 \u043d\u0430\u043c\u0438"},"content":{"rendered":"\t\t<div data-elementor-type=\"wp-page\" data-elementor-id=\"5170\" class=\"elementor elementor-5170\" data-elementor-post-type=\"page\">\n\t\t\t\t<div class=\"elementor-element elementor-element-undefined-b63c5de e-flex e-con-boxed e-con e-parent\" data-id=\"undefined-b63c5de\" data-element_type=\"container\" data-e-type=\"container\" data-settings=\"{&quot;background_background&quot;:&quot;classic&quot;}\">\n\t\t\t\t\t<div class=\"e-con-inner\">\n\t\t\t\t<div class=\"elementor-element elementor-element-undefined-7bd7707 elementor-widget elementor-widget-heading\" data-id=\"undefined-7bd7707\" data-element_type=\"widget\" data-e-type=\"widget\" data-widget_type=\"heading.default\">\n\t\t\t\t<div class=\"elementor-widget-container\">\n\t\t\t\t\t<h1 class=\"elementor-heading-title elementor-size-default\">Unser Team<\/h1>\t\t\t\t<\/div>\n\t\t\t\t<\/div>\n\t\t\t\t<div class=\"elementor-element elementor-element-undefined-22df6dd elementor-widget elementor-widget-heading\" data-id=\"undefined-22df6dd\" data-element_type=\"widget\" data-e-type=\"widget\" data-widget_type=\"heading.default\">\n\t\t\t\t<div class=\"elementor-widget-container\">\n\t\t\t\t\t<h5 class=\"elementor-heading-title elementor-size-default\">Wir freuen uns darauf, einen Termin mit Ihnen zu vereinbaren, sei es f\u00fcr ein telefonisches Gespr\u00e4ch, ein pers\u00f6nliches Treffen.<\/h5>\t\t\t\t<\/div>\n\t\t\t\t<\/div>\n\t\t<div class=\"elementor-element elementor-element-2383ff1 e-flex e-con-boxed e-con e-child\" data-id=\"2383ff1\" data-element_type=\"container\" data-e-type=\"container\">\n\t\t\t\t\t<div class=\"e-con-inner\">\n\t\t<div class=\"elementor-element elementor-element-50e8704 e-flex e-con-boxed e-con e-child\" data-id=\"50e8704\" data-element_type=\"container\" data-e-type=\"container\">\n\t\t\t\t\t<div class=\"e-con-inner\">\n\t\t\t\t<div class=\"elementor-element elementor-element-undefined-8fd3b9b elementor-widget-tablet__width-initial elementor-widget-mobile__width-inherit elementor-widget__width-initial elementor-position-top elementor-widget elementor-widget-image-box\" data-id=\"undefined-8fd3b9b\" data-element_type=\"widget\" data-e-type=\"widget\" data-widget_type=\"image-box.default\">\n\t\t\t\t<div class=\"elementor-widget-container\">\n\t\t\t\t\t<div class=\"elementor-image-box-wrapper\"><figure class=\"elementor-image-box-img\"><img fetchpriority=\"high\" decoding=\"async\" width=\"721\" height=\"755\" src=\"https:\/\/husein-products.com\/wp-content\/uploads\/xstore\/xstore-placeholder.png\" class=\"elementor-animation-grow attachment-full size-full wp-image-9488 lazyload lazyload-simple et-lazyload-fadeIn\" alt=\"\" sizes=\"(max-width: 721px) 100vw, 721px\" data-src=\"https:\/\/husein-products.com\/wp-content\/uploads\/2024\/06\/Husein-Tschalaev.webp\" data-srcset=\"https:\/\/husein-products.com\/wp-content\/uploads\/2024\/06\/Husein-Tschalaev.webp 721w, https:\/\/husein-products.com\/wp-content\/uploads\/2024\/06\/Husein-Tschalaev-286x300.webp 286w, https:\/\/husein-products.com\/wp-content\/uploads\/2024\/06\/Husein-Tschalaev-11x12.webp 11w, https:\/\/husein-products.com\/wp-content\/uploads\/2024\/06\/Husein-Tschalaev-300x314.webp 300w, https:\/\/husein-products.com\/wp-content\/uploads\/2024\/06\/Husein-Tschalaev-1x1.png 1w, https:\/\/husein-products.com\/wp-content\/uploads\/2024\/06\/Husein-Tschalaev-10x10.webp 10w\" \/><\/figure><div class=\"elementor-image-box-content\"><h4 class=\"elementor-image-box-title\">Husein Tschalaev<\/h4><p class=\"elementor-image-box-description\">Gesch\u00e4ftsf\u00fchrer<\/p><\/div><\/div>\t\t\t\t<\/div>\n\t\t\t\t<\/div>\n\t\t\t\t\t<\/div>\n\t\t\t\t<\/div>\n\t\t<div class=\"elementor-element elementor-element-cb9ba35 e-flex e-con-boxed e-con e-child\" data-id=\"cb9ba35\" data-element_type=\"container\" data-e-type=\"container\">\n\t\t\t\t\t<div class=\"e-con-inner\">\n\t\t\t\t<div class=\"elementor-element elementor-element-undefined-0d9d5de elementor-widget-tablet__width-initial elementor-widget-mobile__width-inherit elementor-widget__width-initial elementor-position-top elementor-widget elementor-widget-image-box\" data-id=\"undefined-0d9d5de\" data-element_type=\"widget\" data-e-type=\"widget\" data-widget_type=\"image-box.default\">\n\t\t\t\t<div class=\"elementor-widget-container\">\n\t\t\t\t\t<div class=\"elementor-image-box-wrapper\"><figure class=\"elementor-image-box-img\"><img decoding=\"async\" src=\"https:\/\/husein-products.com\/wp-content\/uploads\/2021\/01\/register.png\" title=\"\" alt=\"\" class=\"elementor-animation-grow\" loading=\"lazy\" \/><\/figure><div class=\"elementor-image-box-content\"><h4 class=\"elementor-image-box-title\">Iman Jasakova<\/h4><p class=\"elementor-image-box-description\">CIO<\/p><\/div><\/div>\t\t\t\t<\/div>\n\t\t\t\t<\/div>\n\t\t\t\t\t<\/div>\n\t\t\t\t<\/div>\n\t\t<div class=\"elementor-element elementor-element-8fab547 e-flex e-con-boxed e-con e-child\" data-id=\"8fab547\" data-element_type=\"container\" data-e-type=\"container\">\n\t\t\t\t\t<div class=\"e-con-inner\">\n\t\t\t\t<div class=\"elementor-element elementor-element-undefined-f04976e elementor-widget-tablet__width-initial elementor-widget-mobile__width-inherit elementor-widget__width-initial elementor-position-top elementor-widget elementor-widget-image-box\" data-id=\"undefined-f04976e\" data-element_type=\"widget\" data-e-type=\"widget\" data-widget_type=\"image-box.default\">\n\t\t\t\t<div class=\"elementor-widget-container\">\n\t\t\t\t\t<div class=\"elementor-image-box-wrapper\"><figure class=\"elementor-image-box-img\"><img decoding=\"async\" src=\"https:\/\/husein-products.com\/wp-content\/uploads\/2021\/01\/register.png\" title=\"\" alt=\"\" class=\"elementor-animation-grow\" loading=\"lazy\" \/><\/figure><div class=\"elementor-image-box-content\"><h4 class=\"elementor-image-box-title\">Deni Khachukaev<\/h4><p class=\"elementor-image-box-description\">Marketing Manager<\/p><\/div><\/div>\t\t\t\t<\/div>\n\t\t\t\t<\/div>\n\t\t\t\t\t<\/div>\n\t\t\t\t<\/div>\n\t\t\t\t\t<\/div>\n\t\t\t\t<\/div>\n\t\t\t\t\t<\/div>\n\t\t\t\t<\/div>\n\t\t<div class=\"elementor-element elementor-element-efb4a56 e-flex e-con-boxed e-con e-parent\" data-id=\"efb4a56\" data-element_type=\"container\" data-e-type=\"container\" data-settings=\"{&quot;background_background&quot;:&quot;classic&quot;}\">\n\t\t\t\t\t<div class=\"e-con-inner\">\n\t\t\t\t<div class=\"elementor-element elementor-element-65d87e59 elementor-invisible elementor-widget elementor-widget-heading\" data-id=\"65d87e59\" data-element_type=\"widget\" data-e-type=\"widget\" data-settings=\"{&quot;_animation&quot;:&quot;fadeInUp&quot;}\" data-widget_type=\"heading.default\">\n\t\t\t\t<div class=\"elementor-widget-container\">\n\t\t\t\t\t<h2 class=\"elementor-heading-title elementor-size-default\">Jetzt kontaktieren<\/h2>\t\t\t\t<\/div>\n\t\t\t\t<\/div>\n\t\t\t\t<div class=\"elementor-element elementor-element-991c9bf elementor-widget elementor-widget-wpforms\" data-id=\"991c9bf\" data-element_type=\"widget\" data-e-type=\"widget\" data-widget_type=\"wpforms.default\">\n\t\t\t\t<div class=\"elementor-widget-container\">\n\t\t\t\t\t<style id=\"wpforms-css-vars-elementor-widget-991c9bf\">\n\t\t\t\t.elementor-widget-wpforms.elementor-element-991c9bf {\n\t\t\t\t--wpforms-button-background-color: #14974A;\n\t\t\t}\n\t\t\t<\/style><div class=\"wpforms-container wpforms-container-full wpforms-render-modern\" id=\"wpforms-9342\"><form id=\"wpforms-form-9342\" class=\"wpforms-validate wpforms-form wpforms-ajax-form\" data-formid=\"9342\" method=\"post\" enctype=\"multipart\/form-data\" action=\"\/ru\/wp-json\/wp\/v2\/pages\/5170\" data-token=\"9397be78bd4e200703d46357b8b3e287\" data-token-time=\"1775630111\"><noscript class=\"wpforms-error-noscript\">\u0414\u043b\u044f \u0437\u0430\u043f\u043e\u043b\u043d\u0435\u043d\u0438\u044f \u0434\u0430\u043d\u043d\u043e\u0439 \u0444\u043e\u0440\u043c\u044b \u0432\u043a\u043b\u044e\u0447\u0438\u0442\u0435 JavaScript \u0432 \u0431\u0440\u0430\u0443\u0437\u0435\u0440\u0435.<\/noscript><div id=\"wpforms-error-noscript\" style=\"display: none;\">\u0414\u043b\u044f \u0437\u0430\u043f\u043e\u043b\u043d\u0435\u043d\u0438\u044f \u0434\u0430\u043d\u043d\u043e\u0439 \u0444\u043e\u0440\u043c\u044b \u0432\u043a\u043b\u044e\u0447\u0438\u0442\u0435 JavaScript \u0432 \u0431\u0440\u0430\u0443\u0437\u0435\u0440\u0435.<\/div><div class=\"wpforms-field-container\"><div id=\"wpforms-9342-field_1-container\" class=\"wpforms-field wpforms-field-name\" data-field-id=\"1\"><fieldset><legend class=\"wpforms-field-label wpforms-label-hide\" aria-hidden=\"false\">Name <span class=\"wpforms-required-label\" aria-hidden=\"true\">*<\/span><\/legend><div class=\"wpforms-field-row wpforms-field-large\"><div class=\"wpforms-field-row-block wpforms-first wpforms-one-half\"><input type=\"text\" id=\"wpforms-9342-field_1\" class=\"wpforms-field-name-first wpforms-field-required\" name=\"wpforms[fields][1][first]\" placeholder=\"Vorname*\" aria-errormessage=\"wpforms-9342-field_1-error\" required><label for=\"wpforms-9342-field_1\" class=\"wpforms-field-sublabel after wpforms-sublabel-hide\">\u0418\u043c\u044f<\/label><\/div><div class=\"wpforms-field-row-block wpforms-one-half\"><input type=\"text\" id=\"wpforms-9342-field_1-last\" class=\"wpforms-field-name-last wpforms-field-required\" name=\"wpforms[fields][1][last]\" placeholder=\"Nachname*\" aria-errormessage=\"wpforms-9342-field_1-last-error\" required><label for=\"wpforms-9342-field_1-last\" class=\"wpforms-field-sublabel after wpforms-sublabel-hide\">\u0424\u0430\u043c\u0438\u043b\u0438\u044f<\/label><\/div><\/div><\/fieldset><\/div><div id=\"wpforms-9342-field_2-container\" class=\"wpforms-field wpforms-field-email wpforms-one-half wpforms-first\" data-field-id=\"2\"><label class=\"wpforms-field-label wpforms-label-hide\" for=\"wpforms-9342-field_2\" aria-hidden=\"false\">E-Mail-Adresse <span class=\"wpforms-required-label\" aria-hidden=\"true\">*<\/span><\/label><input type=\"email\" id=\"wpforms-9342-field_2\" class=\"wpforms-field-large wpforms-field-required\" name=\"wpforms[fields][2]\" placeholder=\"E-Mail-Adresse*\" spellcheck=\"false\" aria-errormessage=\"wpforms-9342-field_2-error\" required><\/div><div id=\"wpforms-9342-field_6-container\" class=\"wpforms-field wpforms-field-text wpforms-one-half\" data-field-id=\"6\"><label class=\"wpforms-field-label wpforms-label-hide\" for=\"wpforms-9342-field_6\" aria-hidden=\"false\">Telefon<\/label><input type=\"text\" id=\"wpforms-9342-field_6\" class=\"wpforms-field-large\" name=\"wpforms[fields][6]\" placeholder=\"Telefon\" aria-errormessage=\"wpforms-9342-field_6-error\" ><\/div><div id=\"wpforms-9342-field_5-container\" class=\"wpforms-field wpforms-field-textarea\" data-field-id=\"5\"><label class=\"wpforms-field-label wpforms-label-hide\" for=\"wpforms-9342-field_5\" aria-hidden=\"false\">Nachricht<\/label><textarea id=\"wpforms-9342-field_5\" class=\"wpforms-field-medium\" name=\"wpforms[fields][5]\" placeholder=\"Nachricht\" aria-errormessage=\"wpforms-9342-field_5-error\" ><\/textarea><\/div><\/div><!-- .wpforms-field-container --><div class=\"wpforms-submit-container\" ><input type=\"hidden\" name=\"wpforms[id]\" value=\"9342\"><input type=\"hidden\" name=\"page_title\" value=\"\"><input type=\"hidden\" name=\"page_url\" value=\"https:\/\/husein-products.com\/ru\/wp-json\/wp\/v2\/pages\/5170\"><input type=\"hidden\" name=\"url_referer\" value=\"\"><button type=\"submit\" name=\"wpforms[submit]\" id=\"wpforms-submit-9342\" class=\"wpforms-submit\" data-alt-text=\"Wird gesendet\u00a0\u2026\" data-submit-text=\"Absenden\" aria-live=\"assertive\" value=\"wpforms-submit\">Absenden<\/button><img decoding=\"async\" src=\"https:\/\/husein-products.com\/wp-content\/plugins\/wpforms-lite\/assets\/images\/submit-spin.svg\" class=\"wpforms-submit-spinner\" style=\"display: none;\" width=\"26\" height=\"26\" alt=\"\u0417\u0430\u0433\u0440\u0443\u0437\u043a\u0430\"><\/div><\/form><\/div>  <!-- .wpforms-container -->\t\t\t\t<\/div>\n\t\t\t\t<\/div>\n\t\t\t\t\t<\/div>\n\t\t\t\t<\/div>\n\t\t<div class=\"elementor-element elementor-element-1d70795 e-flex e-con-boxed e-con e-parent\" data-id=\"1d70795\" data-element_type=\"container\" data-e-type=\"container\">\n\t\t\t\t\t<div class=\"e-con-inner\">\n\t\t\t\t<div class=\"elementor-element elementor-element-f451461 elementor-widget elementor-widget-heading\" data-id=\"f451461\" data-element_type=\"widget\" data-e-type=\"widget\" data-widget_type=\"heading.default\">\n\t\t\t\t<div class=\"elementor-widget-container\">\n\t\t\t\t\t<h2 class=\"elementor-heading-title elementor-size-default\">Entdecken Sie unsere Kunden<\/h2>\t\t\t\t<\/div>\n\t\t\t\t<\/div>\n\t\t<div class=\"elementor-element elementor-element-4bb1ff4 e-flex e-con-boxed e-con e-child\" data-id=\"4bb1ff4\" data-element_type=\"container\" data-e-type=\"container\">\n\t\t\t\t\t<div class=\"e-con-inner\">\n\t\t\t\t<div class=\"elementor-element elementor-element-caf1017 elementor-arrows-position-inside elementor-pagination-position-outside elementor-widget elementor-widget-image-carousel\" data-id=\"caf1017\" data-element_type=\"widget\" data-e-type=\"widget\" data-settings=\"{&quot;slides_to_show&quot;:&quot;5&quot;,&quot;lazyload&quot;:&quot;yes&quot;,&quot;navigation&quot;:&quot;both&quot;,&quot;autoplay&quot;:&quot;yes&quot;,&quot;pause_on_hover&quot;:&quot;yes&quot;,&quot;pause_on_interaction&quot;:&quot;yes&quot;,&quot;autoplay_speed&quot;:5000,&quot;infinite&quot;:&quot;yes&quot;,&quot;speed&quot;:500}\" data-widget_type=\"image-carousel.default\">\n\t\t\t\t<div class=\"elementor-widget-container\">\n\t\t\t\t\t\t\t<div class=\"elementor-image-carousel-wrapper swiper\" role=\"region\" aria-roledescription=\"carousel\" aria-label=\"Bild Karussell\" dir=\"ltr\">\n\t\t\t<div class=\"elementor-image-carousel swiper-wrapper swiper-image-stretch\" aria-live=\"off\">\n\t\t\t\t\t\t\t\t<div class=\"swiper-slide\" role=\"group\" aria-roledescription=\"slide\" aria-label=\"1 von 5\"><figure class=\"swiper-slide-inner\"><img class=\"swiper-slide-image swiper-lazy\" data-src=\"https:\/\/husein-products.com\/wp-content\/uploads\/2024\/06\/Spar-logo.svg-300x48.webp\" alt=\"Spar-logo.svg\" \/><div class=\"swiper-lazy-preloader\"><\/div><\/figure><\/div><div class=\"swiper-slide\" role=\"group\" aria-roledescription=\"slide\" aria-label=\"2 von 5\"><figure class=\"swiper-slide-inner\"><img class=\"swiper-slide-image swiper-lazy\" data-src=\"https:\/\/husein-products.com\/wp-content\/uploads\/2024\/06\/billa.svg\" alt=\"billa\" \/><div class=\"swiper-lazy-preloader\"><\/div><\/figure><\/div><div class=\"swiper-slide\" role=\"group\" aria-roledescription=\"slide\" aria-label=\"3 von 5\"><figure class=\"swiper-slide-inner\"><img class=\"swiper-slide-image swiper-lazy\" data-src=\"https:\/\/husein-products.com\/wp-content\/uploads\/2024\/06\/Monolith-Logo-300x242.webp\" alt=\"Monolith-Logo\" \/><div class=\"swiper-lazy-preloader\"><\/div><\/figure><\/div><div class=\"swiper-slide\" role=\"group\" aria-roledescription=\"slide\" aria-label=\"4 von 5\"><figure class=\"swiper-slide-inner\"><img class=\"swiper-slide-image swiper-lazy\" data-src=\"https:\/\/husein-products.com\/wp-content\/uploads\/2024\/06\/lamberg.svg\" alt=\"lamberg\" \/><div class=\"swiper-lazy-preloader\"><\/div><\/figure><\/div><div class=\"swiper-slide\" role=\"group\" aria-roledescription=\"slide\" aria-label=\"5 von 5\"><figure class=\"swiper-slide-inner\"><img class=\"swiper-slide-image swiper-lazy\" data-src=\"https:\/\/husein-products.com\/wp-content\/uploads\/2024\/06\/goldenwing.svg\" alt=\"goldenwing\" \/><div class=\"swiper-lazy-preloader\"><\/div><\/figure><\/div>\t\t\t<\/div>\n\t\t\t\t\t\t\t\t\t\t\t\t<div class=\"elementor-swiper-button elementor-swiper-button-prev\" role=\"button\" tabindex=\"0\">\n\t\t\t\t\t\t<svg aria-hidden=\"true\" class=\"e-font-icon-svg e-eicon-chevron-left\" viewBox=\"0 0 1000 1000\" xmlns=\"http:\/\/www.w3.org\/2000\/svg\"><path d=\"M646 125C629 125 613 133 604 142L308 442C296 454 292 471 292 487 292 504 296 521 308 533L604 854C617 867 629 875 646 875 663 875 679 871 692 858 704 846 713 829 713 812 713 796 708 779 692 767L438 487 692 225C700 217 708 204 708 187 708 171 704 154 692 142 675 129 663 125 646 125Z\"><\/path><\/svg>\t\t\t\t\t<\/div>\n\t\t\t\t\t<div class=\"elementor-swiper-button elementor-swiper-button-next\" role=\"button\" tabindex=\"0\">\n\t\t\t\t\t\t<svg aria-hidden=\"true\" class=\"e-font-icon-svg e-eicon-chevron-right\" viewBox=\"0 0 1000 1000\" xmlns=\"http:\/\/www.w3.org\/2000\/svg\"><path d=\"M696 533C708 521 713 504 713 487 713 471 708 454 696 446L400 146C388 133 375 125 354 125 338 125 325 129 313 142 300 154 292 171 292 187 292 204 296 221 308 233L563 492 304 771C292 783 288 800 288 817 288 833 296 850 308 863 321 871 338 875 354 875 371 875 388 867 400 854L696 533Z\"><\/path><\/svg>\t\t\t\t\t<\/div>\n\t\t\t\t\n\t\t\t\t\t\t\t\t\t<div class=\"swiper-pagination\"><\/div>\n\t\t\t\t\t\t\t\t\t<\/div>\n\t\t\t\t\t\t<\/div>\n\t\t\t\t<\/div>\n\t\t\t\t\t<\/div>\n\t\t\t\t<\/div>\n\t\t\t\t\t<\/div>\n\t\t\t\t<\/div>\n\t\t<div class=\"elementor-element elementor-element-2867953 e-con-full e-flex e-con e-parent\" data-id=\"2867953\" data-element_type=\"container\" data-e-type=\"container\">\n\t\t\t\t<div class=\"elementor-element elementor-element-23ee36e elementor-widget elementor-widget-google_maps\" data-id=\"23ee36e\" data-element_type=\"widget\" data-e-type=\"widget\" data-widget_type=\"google_maps.default\">\n\t\t\t\t<div class=\"elementor-widget-container\">\n\t\t\t\t\t\t\t<div class=\"elementor-custom-embed\">\n\t\t\t<iframe loading=\"lazy\"\n\t\t\t\t\tsrc=\"https:\/\/maps.google.com\/maps?q=Husein%20Products%20KG&#038;t=m&#038;z=14&#038;output=embed&#038;iwloc=near\"\n\t\t\t\t\ttitle=\"Husein Products KG\"\n\t\t\t\t\taria-label=\"Husein Products KG\"\n\t\t\t><\/iframe>\n\t\t<\/div>\n\t\t\t\t\t\t<\/div>\n\t\t\t\t<\/div>\n\t\t\t\t<\/div>\n\t\t\t\t<\/div>\n\t\t","protected":false},"excerpt":{"rendered":"<p>Unser Team Wir freuen uns darauf, einen Termin mit Ihnen zu vereinbaren, sei es f\u00fcr ein telefonisches Gespr\u00e4ch, ein pers\u00f6nliches Treffen. Husein Tschalaev Gesch\u00e4ftsf\u00fchrer Iman&#8230;<\/p>","protected":false},"author":1,"featured_media":9628,"parent":0,"menu_order":0,"comment_status":"closed","ping_status":"closed","template":"elementor_header_footer","meta":{"footnotes":""},"class_list":["post-5170","page","type-page","status-publish","has-post-thumbnail","hentry"],"_links":{"self":[{"href":"https:\/\/husein-products.com\/ru\/wp-json\/wp\/v2\/pages\/5170","targetHints":{"allow":["GET"]}}],"collection":[{"href":"https:\/\/husein-products.com\/ru\/wp-json\/wp\/v2\/pages"}],"about":[{"href":"https:\/\/husein-products.com\/ru\/wp-json\/wp\/v2\/types\/page"}],"author":[{"embeddable":true,"href":"https:\/\/husein-products.com\/ru\/wp-json\/wp\/v2\/users\/1"}],"replies":[{"embeddable":true,"href":"https:\/\/husein-products.com\/ru\/wp-json\/wp\/v2\/comments?post=5170"}],"version-history":[{"count":4,"href":"https:\/\/husein-products.com\/ru\/wp-json\/wp\/v2\/pages\/5170\/revisions"}],"predecessor-version":[{"id":9669,"href":"https:\/\/husein-products.com\/ru\/wp-json\/wp\/v2\/pages\/5170\/revisions\/9669"}],"wp:featuredmedia":[{"embeddable":true,"href":"https:\/\/husein-products.com\/ru\/wp-json\/wp\/v2\/media\/9628"}],"wp:attachment":[{"href":"https:\/\/husein-products.com\/ru\/wp-json\/wp\/v2\/media?parent=5170"}],"curies":[{"name":"wp","href":"https:\/\/api.w.org\/{rel}","templated":true}]}}