{"id":3,"date":"2021-01-31T12:28:47","date_gmt":"2021-01-31T11:28:47","guid":{"rendered":"https:\/\/husein-products.com\/?page_id=3"},"modified":"2024-08-12T18:33:05","modified_gmt":"2024-08-12T16:33:05","slug":"datenschutzerklaerung","status":"publish","type":"page","link":"https:\/\/husein-products.com\/ru\/datenschutzerklaerung\/","title":{"rendered":"\u041f\u043e\u043b\u0438\u0442\u0438\u043a\u0430 \u043a\u043e\u043d\u0444\u0438\u0434\u0435\u043d\u0446\u0438\u0430\u043b\u044c\u043d\u043e\u0441\u0442\u0438"},"content":{"rendered":"<p>Husein Products KG<\/p>\n\n\n\n<p>Prager Stra\u00dfe 92\/13\/T\u00fcr 10, 1210 Wien \u00d6sterreich<\/p>\n\n\n\n<p><a href=\"mailto:vekauf@husein-products.com\">vekauf@husein-products.com<\/a><\/p>\n\n\n\n<p>+43 664 543 96 81<\/p>\n\n\n\n<p>\u200b<\/p>\n\n\n\n<p>Wir freuen uns, dass Sie unsere Website besuchen und bedanken uns f\u00fcr Ihr Interesse! Der Schutz Ihrer Privatsph\u00e4re bei der Nutzung unserer Website ist uns wichtig, bitte nehmen Sie daher die nachstehenden Informationen \u00fcber den Umgang mit Ihren Daten zur Kenntnis:<\/p>\n\n\n\n<p>\u200b<\/p>\n\n\n\n<p>1. Grunds\u00e4tzliches zum Umgang mit personenbezogenen Daten<\/p>\n\n\n\n<p>\u200b<\/p>\n\n\n\n<p>1.1 Sie k\u00f6nnen unsere Website besuchen, ohne Angaben zu Ihrer Person zu machen. Bei jedem Zugriff auf unsere Website werden Nutzungsdaten durch den jeweiligen Internetbrowser \u00fcbermittelt und in Protokolldateien, den sogenannten Server-Logfiles, wie z.B. Datum und Uhrzeit des Abrufs, Name der aufgerufenen Seite, \u00fcbertragene Datenmenge und den anfragenden Provider, gespeichert. Diese Daten k\u00f6nnen nicht einer bestimmten Person zugeordnet werden und dienen ausschlie\u00dflich der Sicherstellung eines st\u00f6rungsfreien Betriebs unserer Website und der Verbesserung unseres Angebots.<\/p>\n\n\n\n<p>Personenbezogene Daten werden erhoben, wenn Sie uns diese von sich aus zur Durchf\u00fchrung eines Vertrages oder bei der Er\u00f6ffnung eines Kundenkontos freiwillig mitteilen. Welche Daten erhoben werden, ist aus den jeweiligen Eingabeformularen ersichtlich. Eine L\u00f6schung Ihres Kundenkontos ist jederzeit m\u00f6glich und kann durch eine Nachricht an die unten beschriebene Kontaktm\u00f6glichkeit erfolgen. Wir speichern und verwenden die von Ihnen mitgeteilten Daten zur Vertragsabwicklung. Nach vollst\u00e4ndiger Abwicklung des Vertrages oder L\u00f6schung Ihres Kundenkontos werden Ihre Daten mit R\u00fccksicht auf steuer- und handelsrechtliche Aufbewahrungsfristen gesperrt, nach Ablauf dieser Fristen gel\u00f6scht, sofern Sie nicht ausdr\u00fccklich in eine weitere Nutzung Ihrer Daten eingewilligt haben oder eine gesetzlich erlaubte weitere Datenverwendung von unserer Seite vorbehalten wurde, \u00fcber die wir Sie nachstehend entsprechend informieren.<\/p>\n\n\n\n<p>\u200b<\/p>\n\n\n\n<p>1.2 Im Rahmen der Kontaktaufnahme mit uns (z.B. per Kontaktformular oder E-Mail) werden personenbezogene Daten erhoben. Welche Daten im Falle eines Kontaktformulars erhoben werden, ist aus dem jeweiligen Kontaktformular ersichtlich. Diese Daten werden ausschlie\u00dflich f\u00fcr die Beantwortung Ihres Anliegens bzw. f\u00fcr die Kontaktaufnahme und die damit verbundene technische Administration gespeichert und verwendet. Ihre Daten werden nach abschlie\u00dfender Bearbeitung Ihrer Anfrage gel\u00f6scht, sofern Sie dies w\u00fcnschen und der L\u00f6schung keine gesetzlichen Aufbewahrungspflichten entgegenstehen.<\/p>\n\n\n\n<p>Dar\u00fcber hinaus werden personenbezogene Daten erhoben, wenn Sie sich zu unserem E-Mail-Newsletter anmelden.<\/p>\n\n\n\n<p>Sie k\u00f6nnen den Newsletter jederzeit \u00fcber den daf\u00fcr vorgesehenen Link im Newsletter oder durch entsprechende Nachricht an uns abbestellen. Nach erfolgter Abmeldung wird Ihre E-Mailadresse unverz\u00fcglich in unserem Newsletter-Verteiler gel\u00f6scht.<\/p>\n\n\n\n<p>\u200b<\/p>\n\n\n\n<p>\u200b<\/p>\n\n\n\n<p>2. Weitergabe personenbezogener Daten zur Bestellabwicklung<\/p>\n\n\n\n<p>\u200b<\/p>\n\n\n\n<p>2.1 Die von uns erhobenen personenbezogenen Daten werden im Rahmen der Vertragsabwicklung an das mit der Lieferung beauftragte Transportunternehmen weitergegeben, soweit dies zur Lieferung der Ware erforderlich ist. Wir geben Ihre Zahlungsdaten im Rahmen der Abwicklung von Zahlungen an das beauftragte Kreditinstitut weiter.<\/p>\n\n\n\n<p>\u200b<\/p>\n\n\n\n<p>2.2 Bei Zahlung via PayPal, Kreditkarte via PayPal, Lastschrift via PayPal oder \u2013 falls angeboten &#8211; &#8222;Kauf auf Rechnung&#8220; via PayPal geben wir Ihre Zahlungsdaten im Rahmen der Zahlungsabwicklung an die PayPal (Europe) S.\u00e0 r.l. et Cie, S.C.A., 22-24 Boulevard Royal, L-2449 Luxembourg (nachfolgend &#8222;PayPal&#8220;), weiter. PayPal beh\u00e4lt sich f\u00fcr die Zahlungsmethoden Kreditkarte via PayPal, Lastschrift via PayPal oder \u2013 falls angeboten &#8211; &#8222;Kauf auf Rechnung&#8220; via PayPal die Durchf\u00fchrung einer Bonit\u00e4tsauskunft vor. Das Ergebnis der Bonit\u00e4tspr\u00fcfung in Bezug auf die statistische Zahlungsausfallwahrscheinlichkeit verwendet PayPal zum Zwecke der Entscheidung \u00fcber die Bereitstellung der jeweiligen Zahlungsmethode. Die Bonit\u00e4tsauskunft kann Wahrscheinlichkeitswerte enthalten (sog. Score-Werte). Soweit Score-Werte in das Ergebnis der Bonit\u00e4tsauskunft einflie\u00dfen, haben diese ihre Grundlage in einem wissenschaftlich anerkannten mathematisch-statistischen Verfahren. In die Berechnung der Score-Werte flie\u00dfen unter anderem Anschriftendaten ein. Weitere datenschutzrechtliche Informationen, unter anderem zu den verwendeten Auskunfteien, entnehmen Sie bitte der Datenschutzerkl\u00e4rung von PayPal:&nbsp;<object height=\"0\"><\/object><\/p>\n\n\n\n<p>\u200b<\/p>\n\n\n\n<p>2.3 Wenn Sie sich f\u00fcr eine Zahlungsart des Paymentdienstleisters Stripe entscheiden, erfolgt die Zahlungsabwicklung \u00fcber den Paymentdienstleister Stripe Payments Europe Ltd, Block 4, Harcourt Centre, Harcourt Road, Dublin 2, Ireland, an den wir Ihre im Rahmen des Bestellvorgangs mitgeteilten Informationen nebst den Informationen \u00fcber Ihre Bestellung (Name, Anschrift, Kontonummer, Bankleitzahl, evtl. Kreditkartennummer, Rechnungsbetrag, W\u00e4hrung und Transaktionsnummer) weitergeben. Die Weitergabe Ihrer Daten erfolgt ausschlie\u00dflich zum Zwecke der Zahlungsabwicklung mit dem Payment-Dienstleister Stripe Payments Europe Ltd. N\u00e4here Informationen zum Datenschutz von Stripe finden Sie unter der URL&nbsp;<object height=\"0\"><\/object><\/p>\n\n\n\n<p>\u200b<\/p>\n\n\n\n<p>3. Cookies<\/p>\n\n\n\n<p>\u200b<\/p>\n\n\n\n<p>3.1 Um den Besuch unserer Website attraktiv zu gestalten und die Nutzung bestimmter Funktionen zu erm\u00f6glichen, verwenden wir auf verschiedenen Seiten sogenannte Cookies. Hierbei handelt es sich um kleine Textdateien, die auf Ihrem Endger\u00e4t abgelegt werden. Einige der von uns verwendeten Cookies werden nach dem Ende der Browser-Sitzung, also nach Schlie\u00dfen Ihres Browsers, wieder gel\u00f6scht (sog. Sitzungs-Cookies). Andere Cookies verbleiben auf Ihrem Endger\u00e4t und erm\u00f6glichen uns oder unseren Partnerunternehmen, Ihren Browser beim n\u00e4chsten Besuch wiederzuerkennen (persistente Cookies). Sie k\u00f6nnen Ihren Browser so einstellen, dass Sie \u00fcber das Setzen von Cookies informiert werden und einzeln \u00fcber deren Annahme entscheiden oder die Annahme von Cookies f\u00fcr bestimmte F\u00e4lle oder generell ausschlie\u00dfen. Bei der Nichtannahme von Cookies kann die Funktionalit\u00e4t unserer Website eingeschr\u00e4nkt sein.<\/p>\n\n\n\n<p>\u200b<\/p>\n\n\n\n<p>\u200b<\/p>\n\n\n\n<p>4. Verwendung von Social-Plugins<\/p>\n\n\n\n<p>\u200b<\/p>\n\n\n\n<p>4.1 Auf unserer Website werden sogenannte Social Plugins (&#8222;Plugins&#8220;) des sozialen Netzwerkes Facebook verwendet, das von der Facebook Inc., 1601 S. California Ave, Palo Alto, CA 94304, USA (&#8222;Facebook&#8220;) betrieben wird. Die Plugins sind mit einem Facebook-Logo oder dem Zusatz &#8222;Soziales Plug-in von Facebook&#8220; bzw. &#8222;Facebook Social Plugin&#8220; gekennzeichnet. Eine \u00dcbersicht \u00fcber die Facebook Plugins und deren Aussehen finden Sie hier:&nbsp;<object height=\"0\"><\/object><\/p>\n\n\n\n<p>\u200b<\/p>\n\n\n\n<p>4.2 Wenn Sie eine Seite unseres Webauftritts aufrufen, die ein solches Plugin enth\u00e4lt, stellt Ihr Browser eine direkte Verbindung zu den Servern von Facebook her. Der Inhalt des Plugins wird von Facebook direkt an Ihren Browser \u00fcbermittelt und in die Seite eingebunden. Durch diese Einbindung erh\u00e4lt Facebook die Information, dass Ihr Browser die entsprechende Seite unseres Webauftritts aufgerufen hat, auch wenn Sie kein Facebook-Profil besitzen oder gerade nicht bei Facebook eingeloggt sind. Diese Information (einschlie\u00dflich Ihrer IP-Adresse) wird von Ihrem Browser direkt an einen Server von Facebook in die USA \u00fcbermittelt und dort gespeichert.<\/p>\n\n\n\n<p>Sind Sie bei Facebook eingeloggt, kann Facebook den Besuch unserer Website Ihrem Facebook-Profil unmittelbar zuordnen. Wenn Sie mit den Plugins interagieren, zum Beispiel den &#8222;Gef\u00e4llt mir&#8220;-Button bet\u00e4tigen oder einen Kommentar abgeben, wird diese Information ebenfalls direkt an einen Server von Facebook \u00fcbermittelt und dort gespeichert. Die Informationen werden au\u00dferdem auf Ihrem Facebook- Profil ver\u00f6ffentlicht und Ihren Facebook-Freunden angezeigt.<\/p>\n\n\n\n<p>\u200b<\/p>\n\n\n\n<p>4.3 Zweck und Umfang der Datenerhebung und die weitere Verarbeitung und Nutzung der Daten durch Facebook sowie Ihre diesbez\u00fcglichen Rechte und Einstellungsm\u00f6glichkeiten zum Schutz Ihrer Privatsph\u00e4re entnehmen Sie bitte den Datenschutzhinweisen von Facebook:&nbsp;<object height=\"0\"><\/object><\/p>\n\n\n\n<p>\u200b<\/p>\n\n\n\n<p>4.4 Wenn Sie nicht m\u00f6chten, dass Facebook die \u00fcber unseren Webauftritt gesammelten Daten unmittelbar Ihrem Facebook-Profil zuordnet, m\u00fcssen Sie sich vor Ihrem Besuch unserer Website bei Facebook ausloggen. Sie k\u00f6nnen das Laden der Facebook Plugins auch mit Add-Ons f\u00fcr Ihren Browser komplett verhindern, z.B. dem Skript-Blocker \u201eNoScript\u201c (<object height=\"0\"><\/object><\/p>\n\n\n\n<p>\u200b<\/p>\n\n\n\n<p>\u200b<\/p>\n\n\n\n<p>5. Webanalysedienst<\/p>\n\n\n\n<p>\u200b<\/p>\n\n\n\n<p>5.1 Diese Website benutzt Google Analytics, einen Webanalysedienst der Google Inc. (&#8222;Google&#8220;). Google Analytics verwendet sog. &#8222;Cookies&#8220;, Textdateien, die auf Ihrem Computer gespeichert werden und die eine Analyse der Benutzung der Website durch Sie erm\u00f6glichen. Die durch den Cookie erzeugten Informationen \u00fcber Ihre Benutzung dieser Website werden in der Regel an einen Server von Google in den USA \u00fcbertragen und dort gespeichert.<\/p>\n\n\n\n<p><br>5.2 Im Falle der Aktivierung der IP-Anonymisierung auf dieser Webseite, wird Ihre IP-Adresse von Google jedoch innerhalb von Mitgliedstaaten der Europ\u00e4ischen Union oder in anderen Vertragsstaaten des Abkommens \u00fcber den Europ\u00e4ischen Wirtschaftsraum zuvor gek\u00fcrzt. Nur in Ausnahmef\u00e4llen wird die volle IP-Adresse an einen Server von Google in den USA \u00fcbertragen und dort gek\u00fcrzt. Im Auftrag des Betreibers dieser Website wird Google diese Informationen benutzen, um Ihre Nutzung der Website auszuwerten, um Reports \u00fcber die Websiteaktivit\u00e4ten zusammenzustellen und um weitere mit der Websitenutzung und der Internetnutzung verbundene Dienstleistungen gegen\u00fcber dem Websitebetreiber zu erbringen.<\/p>\n\n\n\n<p><br>5.3 Die im Rahmen von Google Analytics von Ihrem Browser \u00fcbermittelte IP-Adresse wird nicht mit anderen Daten von Google zusammengef\u00fchrt. Sie k\u00f6nnen die Speicherung der Cookies durch eine entsprechende Einstellung Ihrer Browser-Software verhindern; wir weisen Sie jedoch darauf hin, dass Sie in diesem Fall gegebenenfalls nicht s\u00e4mtliche Funktionen dieser Website vollumf\u00e4nglich werden nutzen k\u00f6nnen. Sie k\u00f6nnen dar\u00fcber hinaus die Erfassung der durch das Cookie erzeugten und auf Ihre Nutzung der Website bezogenen Daten (inkl. Ihrer IP-Adresse) an Google sowie die Verarbeitung dieser Daten durch Google verhindern, indem Sie das unter dem folgenden Link verf\u00fcgbare Browser-Plugin herunterladen und installieren:&nbsp;<object height=\"0\"><\/object><br>Alternativ zum Browser-Plugin oder innerhalb von Browsern auf mobilen Ger\u00e4ten klicken Sie bitte auf den folgenden Link, um ein Opt-Out-Cookie zu setzen, der die Erfassung durch Google Analytics innerhalb dieser Website zuk\u00fcnftig verhindert (dieses Opt-Out-Cookie funktioniert nur in diesem Browser und nur f\u00fcr diese Domain, l\u00f6schen Sie Ihre Cookies in diesem Browser, m\u00fcssen Sie diesen Link erneut klicken):<\/p>\n\n\n\n<p>\u200b<\/p>\n\n\n\n<p><a href=\"https:\/\/www.it-recht-kanzlei.de\/Portal\/dokument_export.php?did=40&amp;sid=5906&amp;type=html\" target=\"_blank\" rel=\"noreferrer noopener\">Google Analytics deaktivieren<\/a><\/p>\n\n\n\n<p>\u200b<\/p>\n\n\n\n<p>Es wird darauf hingewiesen, dass diese Website Google Analytics mit der Erweiterung &#8222;_anonymizeIp()&#8220; verwendet und daher IP-Adressen nur gek\u00fcrzt weiterverarbeitet werden, um eine direkte Personenbeziehbarkeit auszuschlie\u00dfen.<\/p>\n\n\n\n<p>\u200b<\/p>\n\n\n\n<p>\u200b<\/p>\n\n\n\n<p>6. Ihre Rechte und Kontaktaufnahme<\/p>\n\n\n\n<p>\u200b<\/p>\n\n\n\n<p>6.1 Sie haben ein Recht auf unentgeltliche Auskunft \u00fcber Ihre gespeicherten Daten sowie ggf. ein Recht auf Berichtigung, Sperrung oder L\u00f6schung dieser Daten. Wenn Sie weitere Fragen zur Erhebung, Verarbeitung oder Nutzung Ihrer personenbezogenen Daten haben, kontaktieren Sie uns bitte. Gleiches gilt f\u00fcr Ausk\u00fcnfte, Sperrung, L\u00f6schungs- und Berichtigungsw\u00fcnsche hinsichtlich Ihrer personenbezogenen Daten sowie f\u00fcr Widerrufe erteilter Einwilligungen. Die Kontaktadresse finden Sie in unserem Impressum.<\/p>\n\n\n\n<p>\u200b<\/p>","protected":false},"excerpt":{"rendered":"<p>Husein Products KG Prager Stra\u00dfe 92\/13\/T\u00fcr 10, 1210 Wien \u00d6sterreich vekauf@husein-products.com +43 664 543 96 81 \u200b Wir freuen uns, dass Sie unsere Website besuchen&#8230;<\/p>","protected":false},"author":1,"featured_media":0,"parent":0,"menu_order":0,"comment_status":"closed","ping_status":"open","template":"","meta":{"footnotes":""},"class_list":["post-3","page","type-page","status-publish","hentry"],"_links":{"self":[{"href":"https:\/\/husein-products.com\/ru\/wp-json\/wp\/v2\/pages\/3","targetHints":{"allow":["GET"]}}],"collection":[{"href":"https:\/\/husein-products.com\/ru\/wp-json\/wp\/v2\/pages"}],"about":[{"href":"https:\/\/husein-products.com\/ru\/wp-json\/wp\/v2\/types\/page"}],"author":[{"embeddable":true,"href":"https:\/\/husein-products.com\/ru\/wp-json\/wp\/v2\/users\/1"}],"replies":[{"embeddable":true,"href":"https:\/\/husein-products.com\/ru\/wp-json\/wp\/v2\/comments?post=3"}],"version-history":[{"count":0,"href":"https:\/\/husein-products.com\/ru\/wp-json\/wp\/v2\/pages\/3\/revisions"}],"wp:attachment":[{"href":"https:\/\/husein-products.com\/ru\/wp-json\/wp\/v2\/media?parent=3"}],"curies":[{"name":"wp","href":"https:\/\/api.w.org\/{rel}","templated":true}]}}