{"id":8224,"date":"2021-03-03T19:26:56","date_gmt":"2021-03-03T18:26:56","guid":{"rendered":"https:\/\/husein-products.com\/?post_type=product&#038;p=8224"},"modified":"2025-07-21T10:17:37","modified_gmt":"2025-07-21T08:17:37","slug":"rinds-halal-safar","status":"publish","type":"product","link":"https:\/\/husein-products.com\/en\/product\/rinds-halal-safar\/","title":{"rendered":"Safar chopsticks, beef sausages"},"content":{"rendered":"<section>\n<h2>Safar chopsticks, beef sausages<\/h2>\n<p>Unsere Safar St\u00e4bchen 300g sind k\u00f6stliche Rindsw\u00fcrstchen nach Krakauer Art, die durch ihr rauchiges Aroma und den vollmundigen Geschmack \u00fcberzeugen. Mit hochwertigen Zutaten und traditioneller R\u00e4uchermethode hergestellt, sind diese W\u00fcrstchen eine hervorragende Wahl f\u00fcr jeden, der eine kr\u00e4ftige und authentische Wurstspezialit\u00e4t sucht.<\/p>\n<h3>Ingredients:<\/h3>\n<p>92% Rindfleisch, Rinderfett, Trinkwasser, Kochsalz, Gew\u00fcrze, Dextrose, Geschmacksverst\u00e4rker (E621), Konservierungsstoff (E250), S\u00e4ureregulator (E262, E331), Stabilisator (E450, E451), Rind-Collagenh\u00fclle (essbar), Buchenholzrauch.<\/p>\n<p><em>Sealed under protective athmosphere.<\/em><\/p>\n<h3>Average nutritional values per 100 g:<\/h3>\n<p>Brennwert: 1149 kJ \/ 274 kcal<br \/>\nFett: 23,0 g<br \/>\ndavon ges\u00e4ttigte Fetts\u00e4uren: 9,3 g<br \/>\nCarbohydrates: 1.2 g<br \/>\ndavon Zucker: 1,0 g<br \/>\nEiwei\u00df: 16,0 g<br \/>\nSalz: 2,1 g<\/p>\n<p><strong>Packaging unit:<\/strong> 27 packs per box<\/p>\n<\/section>","protected":false},"excerpt":{"rendered":"<p>27 packs per box<\/p>","protected":false},"featured_media":8055,"template":"","meta":[],"etheme_brands":[],"product_brand":[],"product_cat":[15,78],"product_tag":[],"class_list":{"0":"post-8224","1":"product","2":"type-product","3":"status-publish","4":"has-post-thumbnail","6":"product_cat-alle","7":"product_cat-wurst","9":"first","10":"instock","11":"taxable","12":"shipping-taxable","13":"product-type-simple"},"supplier_id":8099,"supplier_sku":"","barcode":null,"atum_controlled":true,"out_stock_date":null,"out_stock_threshold":null,"inheritable":false,"inbound_stock":46962,"stock_on_hold":17178,"sold_today":0,"sales_last_days":0,"reserved_stock":0,"customer_returns":0,"warehouse_damage":0,"lost_in_post":0,"other_logs":0,"out_stock_days":0,"lost_sales":0,"has_location":false,"update_date":"2026-04-08T01:06:14","atum_locations":[],"atum_stock_status":"instock","restock_status":false,"low_stock_amount":"","sales_update_date":"2026-04-08T01:06:14","calc_backorders":null,"_links":{"self":[{"href":"https:\/\/husein-products.com\/en\/wp-json\/wp\/v2\/product\/8224","targetHints":{"allow":["GET"]}}],"collection":[{"href":"https:\/\/husein-products.com\/en\/wp-json\/wp\/v2\/product"}],"about":[{"href":"https:\/\/husein-products.com\/en\/wp-json\/wp\/v2\/types\/product"}],"version-history":[{"count":1,"href":"https:\/\/husein-products.com\/en\/wp-json\/wp\/v2\/product\/8224\/revisions"}],"predecessor-version":[{"id":9725,"href":"https:\/\/husein-products.com\/en\/wp-json\/wp\/v2\/product\/8224\/revisions\/9725"}],"wp:featuredmedia":[{"embeddable":true,"href":"https:\/\/husein-products.com\/en\/wp-json\/wp\/v2\/media\/8055"}],"wp:attachment":[{"href":"https:\/\/husein-products.com\/en\/wp-json\/wp\/v2\/media?parent=8224"}],"wp:term":[{"taxonomy":"brand","embeddable":true,"href":"https:\/\/husein-products.com\/en\/wp-json\/wp\/v2\/etheme_brands?post=8224"},{"taxonomy":"product_brand","embeddable":true,"href":"https:\/\/husein-products.com\/en\/wp-json\/wp\/v2\/product_brand?post=8224"},{"taxonomy":"product_cat","embeddable":true,"href":"https:\/\/husein-products.com\/en\/wp-json\/wp\/v2\/product_cat?post=8224"},{"taxonomy":"product_tag","embeddable":true,"href":"https:\/\/husein-products.com\/en\/wp-json\/wp\/v2\/product_tag?post=8224"}],"curies":[{"name":"wp","href":"https:\/\/api.w.org\/{rel}","templated":true}]}}