{"id":7955,"date":"2021-02-02T15:45:58","date_gmt":"2021-02-02T14:45:58","guid":{"rendered":"https:\/\/husein-products.com\/?post_type=product&#038;p=7955"},"modified":"2025-07-21T10:23:35","modified_gmt":"2025-07-21T08:23:35","slug":"rinds-frankfurter-halal-dana-sosis-mit-huhn-600g","status":"publish","type":"product","link":"https:\/\/husein-products.com\/en\/product\/rinds-frankfurter-halal-dana-sosis-mit-huhn-600g\/","title":{"rendered":"Dana Sosis - Beef frankfurter with chicken"},"content":{"rendered":"<section>\n<h2>Dana Sosis \u2013 Rinds-Frankfurter mit Huhn<\/h2>\n<p>Unsere Dana Sosis 600g Br\u00fchw\u00fcrstchen bieten eine k\u00f6stliche Kombination aus H\u00e4hnchenseparatorenfleisch und hochwertigem Rindfleisch. Perfekt f\u00fcr eine schnelle und herzhafte Mahlzeit, sind diese Frankfurter eine hervorragende Wahl f\u00fcr jeden, der auf Qualit\u00e4t und Geschmack Wert legt.<\/p>\n<h3>Ingredients:<\/h3>\n<p>30% H\u00e4hnchenseparatorenfleisch, Trinkwasser, 18% Rindfleisch, 13% H\u00e4hnchenhaut, H\u00e4hnchenfett, Kartoffelst\u00e4rke, Kochsalz, Gew\u00fcrze, Dextrose, Gew\u00fcrzextrakte, W\u00fcrze, Antioxidationsmittel (E316), Geschmacksverst\u00e4rker (E621), Konservierungsstoff (E250), S\u00e4ureregulator (E262), Stabilisator (E450, E451), Verdickungsmittel (E407a, E415, E466).<\/p>\n<p><em>Sausage casing not edible. Sealed under protective athmosphere.<\/em><\/p>\n<h3>Average nutritional values per 100 g:<\/h3>\n<p>Brennwert: 894 kJ \/ 213 kcal<br \/>\n    Fett: 18,0 g<br \/>\n    davon ges\u00e4ttigte Fetts\u00e4uren: 5,8 g<br \/>\n    Kohlenhydrate: 2,5 g<br \/>\n    davon Zucker: 0,6 g<br \/>\n    Eiwei\u00df: 11,0 g<br \/>\n    Salz: 2,4 g<\/p>\n<p><strong>Packaging unit:<\/strong> 20 Packungen je Karton<\/p>\n<\/section>","protected":false},"excerpt":{"rendered":"<p>20 Packungen je Karton<\/p>","protected":false},"featured_media":8594,"template":"","meta":[],"etheme_brands":[],"product_brand":[],"product_cat":[15],"product_tag":[],"class_list":{"0":"post-7955","1":"product","2":"type-product","3":"status-publish","4":"has-post-thumbnail","6":"product_cat-alle","8":"first","9":"instock","10":"taxable","11":"shipping-taxable","12":"product-type-simple"},"supplier_id":8099,"supplier_sku":"","barcode":null,"atum_controlled":true,"out_stock_date":null,"out_stock_threshold":null,"inheritable":false,"inbound_stock":12962,"stock_on_hold":15494,"sold_today":0,"sales_last_days":0,"reserved_stock":0,"customer_returns":0,"warehouse_damage":0,"lost_in_post":0,"other_logs":0,"out_stock_days":0,"lost_sales":0,"has_location":false,"update_date":"2026-04-08T01:06:14","atum_locations":[],"atum_stock_status":"instock","restock_status":false,"low_stock_amount":"","sales_update_date":"2026-04-08T01:06:14","calc_backorders":null,"_links":{"self":[{"href":"https:\/\/husein-products.com\/en\/wp-json\/wp\/v2\/product\/7955","targetHints":{"allow":["GET"]}}],"collection":[{"href":"https:\/\/husein-products.com\/en\/wp-json\/wp\/v2\/product"}],"about":[{"href":"https:\/\/husein-products.com\/en\/wp-json\/wp\/v2\/types\/product"}],"version-history":[{"count":1,"href":"https:\/\/husein-products.com\/en\/wp-json\/wp\/v2\/product\/7955\/revisions"}],"predecessor-version":[{"id":9729,"href":"https:\/\/husein-products.com\/en\/wp-json\/wp\/v2\/product\/7955\/revisions\/9729"}],"wp:featuredmedia":[{"embeddable":true,"href":"https:\/\/husein-products.com\/en\/wp-json\/wp\/v2\/media\/8594"}],"wp:attachment":[{"href":"https:\/\/husein-products.com\/en\/wp-json\/wp\/v2\/media?parent=7955"}],"wp:term":[{"taxonomy":"brand","embeddable":true,"href":"https:\/\/husein-products.com\/en\/wp-json\/wp\/v2\/etheme_brands?post=7955"},{"taxonomy":"product_brand","embeddable":true,"href":"https:\/\/husein-products.com\/en\/wp-json\/wp\/v2\/product_brand?post=7955"},{"taxonomy":"product_cat","embeddable":true,"href":"https:\/\/husein-products.com\/en\/wp-json\/wp\/v2\/product_cat?post=7955"},{"taxonomy":"product_tag","embeddable":true,"href":"https:\/\/husein-products.com\/en\/wp-json\/wp\/v2\/product_tag?post=7955"}],"curies":[{"name":"wp","href":"https:\/\/api.w.org\/{rel}","templated":true}]}}