{"id":7939,"date":"2021-02-02T14:28:58","date_gmt":"2021-02-02T13:28:58","guid":{"rendered":"https:\/\/husein-products.com\/?post_type=product&#038;p=7939"},"modified":"2025-07-21T10:26:38","modified_gmt":"2025-07-21T08:26:38","slug":"gefluegel-krakauer-halal-marva-halbgeraeuchert-350g","status":"publish","type":"product","link":"https:\/\/husein-products.com\/en\/product\/gefluegel-krakauer-halal-marva-halbgeraeuchert-350g\/","title":{"rendered":"Marva - Poultry krakauer"},"content":{"rendered":"<div class=\"product-description\">\n<h2>Servelat - Beef salami 400g<\/h2>\n<p>Unsere Servelat Rinderkochsalami ist eine klassische Delikatesse, die mit gr\u00f6\u00dfter Sorgfalt und Leidenschaft hergestellt wird. Diese hei\u00dfger\u00e4ucherte Wurst bietet ein vollmundiges und reichhaltiges Aroma, das durch die Verwendung von hochwertigen Rindfleischzutaten und einer traditionellen R\u00e4ucherung mit Buchenholz erreicht wird.<\/p>\n<h3>Zutaten<\/h3>\n<p>86% Rindfleisch, Rinderfett, Trinkwasser, Kochsalz, Gew\u00fcrze, Maltodextrin, Gew\u00fcrzextrakte, Aromen, Antioxidationsmittel (E316), Geschmacksverst\u00e4rker (E621), Konservierungsstoff (E250), S\u00e4ureregulator (E262, E331), Stabilisator (E450, E451), Buchenholzrauch.<\/p>\n<p><strong>Hinweis:<\/strong> Sausage casing not edible.<\/p>\n<h3>Durchschnittliche N\u00e4hrwerte je 100 g<\/h3>\n<p>Calorific value: 1074 kJ \/ 256 kcal<br \/>\n    Fat: 22.0 g<br \/>\n    of which saturated fatty acids: 8.7 g<br \/>\n    Carbohydrates: 1.2 g<br \/>\n    of which sugar: 1.1 g<br \/>\n    Protein: 15.0 g<br \/>\n    Salt: 2.3 g<\/p>\n<p>Verpackungseinheit: 40 Packungen je Karton<\/p>\n<\/div>","protected":false},"excerpt":{"rendered":"<p>18 packs per box<\/p>","protected":false},"featured_media":8058,"template":"","meta":[],"etheme_brands":[],"product_brand":[],"product_cat":[15,78],"product_tag":[],"class_list":{"0":"post-7939","1":"product","2":"type-product","3":"status-publish","4":"has-post-thumbnail","6":"product_cat-alle","7":"product_cat-wurst","9":"first","10":"instock","11":"taxable","12":"shipping-taxable","13":"product-type-simple"},"supplier_id":8099,"supplier_sku":"","barcode":null,"atum_controlled":true,"out_stock_date":null,"out_stock_threshold":null,"inheritable":false,"inbound_stock":25484,"stock_on_hold":10844,"sold_today":0,"sales_last_days":0,"reserved_stock":0,"customer_returns":0,"warehouse_damage":0,"lost_in_post":0,"other_logs":0,"out_stock_days":0,"lost_sales":0,"has_location":false,"update_date":"2026-04-10T01:18:42","atum_locations":[],"atum_stock_status":"instock","restock_status":false,"low_stock_amount":"","sales_update_date":"2026-04-10T01:18:42","calc_backorders":null,"_links":{"self":[{"href":"https:\/\/husein-products.com\/en\/wp-json\/wp\/v2\/product\/7939","targetHints":{"allow":["GET"]}}],"collection":[{"href":"https:\/\/husein-products.com\/en\/wp-json\/wp\/v2\/product"}],"about":[{"href":"https:\/\/husein-products.com\/en\/wp-json\/wp\/v2\/types\/product"}],"version-history":[{"count":1,"href":"https:\/\/husein-products.com\/en\/wp-json\/wp\/v2\/product\/7939\/revisions"}],"predecessor-version":[{"id":9610,"href":"https:\/\/husein-products.com\/en\/wp-json\/wp\/v2\/product\/7939\/revisions\/9610"}],"wp:featuredmedia":[{"embeddable":true,"href":"https:\/\/husein-products.com\/en\/wp-json\/wp\/v2\/media\/8058"}],"wp:attachment":[{"href":"https:\/\/husein-products.com\/en\/wp-json\/wp\/v2\/media?parent=7939"}],"wp:term":[{"taxonomy":"brand","embeddable":true,"href":"https:\/\/husein-products.com\/en\/wp-json\/wp\/v2\/etheme_brands?post=7939"},{"taxonomy":"product_brand","embeddable":true,"href":"https:\/\/husein-products.com\/en\/wp-json\/wp\/v2\/product_brand?post=7939"},{"taxonomy":"product_cat","embeddable":true,"href":"https:\/\/husein-products.com\/en\/wp-json\/wp\/v2\/product_cat?post=7939"},{"taxonomy":"product_tag","embeddable":true,"href":"https:\/\/husein-products.com\/en\/wp-json\/wp\/v2\/product_tag?post=7939"}],"curies":[{"name":"wp","href":"https:\/\/api.w.org\/{rel}","templated":true}]}}