{"id":8122,"date":"2021-02-17T15:15:37","date_gmt":"2021-02-17T14:15:37","guid":{"rendered":"https:\/\/husein-products.com\/?page_id=8122"},"modified":"2024-08-12T18:33:26","modified_gmt":"2024-08-12T16:33:26","slug":"agb","status":"publish","type":"page","link":"https:\/\/husein-products.com\/en\/agb\/","title":{"rendered":"Terms and conditions"},"content":{"rendered":"<p>Allgemeine Gesch\u00e4ftsbedingungen mit Kundeninformationen<\/p>\n\n\n\n<p>Inhaltsverzeichnis<\/p>\n\n\n\n<p>\u200b<\/p>\n\n\n\n<ol class=\"wp-block-list\"><li>Geltungsbereich<\/li><li>Vertragsschluss<\/li><li>R\u00fccktrittsrecht<\/li><li>Preise und Zahlungsbedingungen<\/li><li>Liefer- und Versandbedingungen<\/li><li>Eigentumsvorbehalt<\/li><li>Gew\u00e4hrleistung<\/li><li>Haftung<\/li><li>Anwendbares Recht<\/li><li>Alternative Streitbeilegung<\/li><\/ol>\n\n\n\n<p>\u200b<\/p>\n\n\n\n<p>1.&nbsp; Geltungsbereich<\/p>\n\n\n\n<p>\u200b<\/p>\n\n\n\n<p>1.1 Diese Allgemeinen Gesch\u00e4ftsbedingungen (nachfolgend &#8222;AGB&#8220;) der<\/p>\n\n\n\n<p>\u200b<\/p>\n\n\n\n<p>Husein Products KG<\/p>\n\n\n\n<p>Prager Stra\u00dfe 92\/13\/T\u00fcr 10, 1210 Wien \u00d6sterreich<\/p>\n\n\n\n<p><a>vekauf@husein-products.com<\/a><\/p>\n\n\n\n<p>+43 664 543 96 81<\/p>\n\n\n\n<p>\u200b<\/p>\n\n\n\n<p>(nachfolgend &#8222;Verk\u00e4ufer&#8220;), gelten f\u00fcr alle Vertr\u00e4ge \u00fcber die Lieferung von Waren, die ein Verbraucher oder Unternehmer (nachfolgend \u201eKunde\u201c) mit dem Verk\u00e4ufer hinsichtlich der vom Verk\u00e4ufer in seinem Online-Shop dargestellten Waren oder Dienstleistungen abschlie\u00dft. Hiermit wird der Einbeziehung von eigenen Bedingungen des Kunden widersprochen, es sei denn, es ist etwas anderes vereinbart.<\/p>\n\n\n\n<p>\u200b<\/p>\n\n\n\n<p>Verbraucher im Sinne dieser AGB ist jede nat\u00fcrliche Person, die ein Rechtsgesch\u00e4ft zu Zwecken abschlie\u00dft, die \u00fcberwiegend weder ihrer gewerblichen noch ihrer selbst\u00e4ndigen beruflichen T\u00e4tigkeit zugerechnet werden k\u00f6nnen. Unternehmer im Sinne dieser AGB ist eine nat\u00fcrliche oder juristische Person oder eine rechtsf\u00e4hige Personengesellschaft, die bei Abschluss eines Rechtsgesch\u00e4fts in Aus\u00fcbung ihrer gewerblichen oder selbst\u00e4ndigen beruflichen T\u00e4tigkeit handelt.<\/p>\n\n\n\n<p>\u200b<\/p>\n\n\n\n<p>2. Vertragsschluss<\/p>\n\n\n\n<p>\u200b<\/p>\n\n\n\n<p>2.1 Die im Online-Shop des Verk\u00e4ufers enthaltenen Produktbeschreibungen stellen keine verbindlichen Angebote seitens des Verk\u00e4ufers dar, sondern dienen zur Abgabe eines verbindlichen Angebots durch den Kunden.<\/p>\n\n\n\n<p>\u200b<\/p>\n\n\n\n<p>2.2 Der Kunde kann das Angebot \u00fcber das in den Online-Shop des Verk\u00e4ufers integrierte Online-Bestellformular abgeben. Dabei gibt der Kunde, nachdem er die ausgew\u00e4hlten Waren oder Dienstleistungen in den virtuellen Warenkorb gelegt und den elektronischen Bestellprozess durchlaufen hat, durch Klicken des den Bestellvorgang abschlie\u00dfenden Buttons ein rechtlich verbindliches Vertragsangebot in Bezug auf die im Warenkorb enthaltenen Waren ab.<\/p>\n\n\n\n<p>\u200b<\/p>\n\n\n\n<p>2.3 Der Verk\u00e4ufer kann das Angebot des Kunden innerhalb von f\u00fcnf Tagen annehmen,<\/p>\n\n\n\n<p>\u200b<\/p>\n\n\n\n<ul class=\"wp-block-list\"><li>indem er dem Kunden eine schriftliche Auftragsbest\u00e4tigung oder eine Auftragsbest\u00e4tigung in Textform (Fax oder E-Mail) \u00fcbermittelt, wobei insoweit der Zugang der Auftragsbest\u00e4tigung beim Kunden ma\u00dfgeblich ist, oder<\/li><li>indem er dem Kunden die bestellte Ware liefert, wobei insoweit der Zugang der Ware beim Kunden ma\u00dfgeblich ist, oder<\/li><li>indem er den Kunden nach Abgabe von dessen Bestellung zur Zahlung auffordert.<\/li><\/ul>\n\n\n\n<p>\u200b<\/p>\n\n\n\n<p>Liegen mehrere der vorgenannten Alternativen vor, kommt der Vertrag in dem Zeitpunkt zustande, in dem eine der vorgenannten Alternativen zuerst eintritt. Die Frist zur Annahme des Angebots beginnt am Tag nach der Absendung des Angebots durch den Kunden zu laufen und endet mit dem Ablauf des f\u00fcnften Tages, welcher auf die Absendung des Angebots folgt. Nimmt der Verk\u00e4ufer das Angebot des Kunden innerhalb vorgenannter Frist nicht an, so gilt dies als Ablehnung des Angebots mit der Folge, dass der Kunde nicht mehr an seine Willenserkl\u00e4rung gebunden ist.<\/p>\n\n\n\n<p>\u200b<\/p>\n\n\n\n<p>2.4 Bei der Abgabe eines Angebots \u00fcber das Online-Bestellformular des Verk\u00e4ufers wird der Vertragstext vom Verk\u00e4ufer gespeichert und dem Kunden nach Absendung seiner Bestellung nebst den vorliegenden AGB in Textform (z. B. E-Mail, Fax oder Brief) zugeschickt. Zus\u00e4tzlich wird der Vertragstext auf der Internetseite des Verk\u00e4ufers archiviert und kann vom Kunden \u00fcber sein passwortgesch\u00fctztes Kundenkonto unter Angabe der entsprechenden Login-Daten kostenlos abgerufen werden, sofern der Kunde vor Absendung seiner Bestellung ein Kundenkonto im Online-Shop des Verk\u00e4ufers angelegt hat.<\/p>\n\n\n\n<p>\u200b<\/p>\n\n\n\n<p>2.5 Vor verbindlicher Abgabe der Bestellung \u00fcber das Online-Bestellformular des Verk\u00e4ufers kann der Kunde m\u00f6gliche Eingabefehler durch aufmerksames Lesen der auf dem Bildschirm dargestellten Informationen erkennen. Seine Eingaben kann der Kunde im Rahmen des elektronischen Bestellprozesses so lange \u00fcber die \u00fcblichen Tastatur- und Mausfunktionen korrigieren, bis er den Bestellvorgang abschlie\u00dfenden Button anklickt.<\/p>\n\n\n\n<p>\u200b<\/p>\n\n\n\n<p>2.6 F\u00fcr den Vertragsschluss steht ausschlie\u00dflich die deutsche Sprache zur Verf\u00fcgung.<\/p>\n\n\n\n<p>\u200b<\/p>\n\n\n\n<p>2.7 Die Bestellabwicklung und Kontaktaufnahme finden in der Regel per E-Mail und automatisierter Bestellabwicklung statt. Der Kunde hat sicherzustellen, dass die von ihm zur Bestellabwicklung angegebene E-Mail-Adresse zutreffend ist, so dass unter dieser Adresse die vom Verk\u00e4ufer versandten E-Mails empfangen werden k\u00f6nnen. Insbesondere hat der Kunde bei dem Einsatz von SPAM-Filtern sicherzustellen, dass alle vom Verk\u00e4ufer oder von diesem mit der Bestellabwicklung beauftragten Dritten versandten E-Mails zugestellt werden k\u00f6nnen.<\/p>\n\n\n\n<p>\u200b<\/p>\n\n\n\n<p>3. R\u00fccktrittsrecht<\/p>\n\n\n\n<p>\u200b<\/p>\n\n\n\n<p>\u200b<\/p>\n\n\n\n<p>3.1 Verbrauchern steht grunds\u00e4tzlich ein R\u00fccktrittsrecht zu.<\/p>\n\n\n\n<p>\u200b<\/p>\n\n\n\n<p>3.2 N\u00e4here Informationen zum R\u00fccktrittsrecht ergeben sich aus der R\u00fccktrittsbelehrung des Verk\u00e4ufers.<\/p>\n\n\n\n<p>3.3 Das R\u00fccktrittsrecht gilt nicht f\u00fcr Verbraucher, die zum Zeitpunkt des Vertragsschlusses keinem Mitgliedstaat der Europ\u00e4ischen Union angeh\u00f6ren und deren alleiniger Wohnsitz und Lieferadresse zum Zeitpunkt des Vertragsschlusses au\u00dferhalb der Europ\u00e4ischen Union liegen, sofern nicht das Recht des Staates, in dem der Verbraucher seinen gew\u00f6hnlichen Aufenthalt hat, ein R\u00fccktrittsrecht vorsieht.<\/p>\n\n\n\n<p>\u200b<\/p>\n\n\n\n<p>4. Preise und Zahlungsbedingungen<\/p>\n\n\n\n<p>\u200b<\/p>\n\n\n\n<p>4.1 Sofern sich aus der Produktbeschreibung des Verk\u00e4ufers nichts anderes ergibt, handelt es sich bei den angegebenen Preisen um Gesamtpreise, die die gesetzliche Umsatzsteuer enthalten. Gegebenenfalls zus\u00e4tzlich anfallende Liefer- und Versandkosten werden in der jeweiligen Produktbeschreibung gesondert angegeben. Bei der Lieferung nach Deutschland f\u00e4llt eine Vergn\u00fcgungssteuer an, die vom Kunden zu tragen ist.<\/p>\n\n\n\n<p>\u200b<\/p>\n\n\n\n<p>4.2 Bei Lieferungen in L\u00e4nder au\u00dferhalb der Europ\u00e4ischen Union k\u00f6nnen im Einzelfall weitere Kosten anfallen, die der Verk\u00e4ufer nicht zu vertreten hat und die vom Kunden zu tragen sind. Hierzu z\u00e4hlen beispielsweise Kosten f\u00fcr die Geld\u00fcbermittlung durch Kreditinstitute (z.B. \u00dcberweisungsgeb\u00fchren, Wechselkursgeb\u00fchren) oder einfuhrrechtliche Abgaben bzw. Steuern (z.B. Z\u00f6lle). Solche Kosten k\u00f6nnen in Bezug auf die Geld\u00fcbermittlung auch dann anfallen, wenn die Lieferung nicht in ein Land au\u00dferhalb der Europ\u00e4ischen Union erfolgt, der Kunde die Zahlung aber von einem Land au\u00dferhalb der Europ\u00e4ischen Union aus vornimmt.<\/p>\n\n\n\n<p>\u200b<\/p>\n\n\n\n<p>4.3 Die Zahlungsm\u00f6glichkeit\/en wird\/werden dem Kunden im Online-Shop des Verk\u00e4ufers mitgeteilt.<\/p>\n\n\n\n<p>\u200b<\/p>\n\n\n\n<p>4.4 Bei Zahlung mittels einer von PayPal angebotenen Zahlungsart erfolgt die Zahlungsabwicklung \u00fcber den Zahlungsdienstleister PayPal (Europe) S.\u00e0 r.l. et Cie, S.C.A., 22-24 Boulevard Royal, L-2449 Luxembourg (im Folgenden: &#8222;PayPal&#8220;), unter Geltung der PayPal-Nutzungsbedingungen, einsehbar unter https:\/\/www.paypal.com\/de\/webapps\/mpp\/ua\/useragreement-full oder &#8211; falls der Kunde nicht \u00fcber ein PayPal-Konto verf\u00fcgt \u2013 unter Geltung der Bedingungen f\u00fcr Zahlungen ohne PayPal-Konto, einsehbar unter&nbsp;<a>https:\/\/www.paypal.com\/de\/webapps\/mpp\/ua\/privacywax-full<\/a>.<\/p>\n\n\n\n<p>\u200b<\/p>\n\n\n\n<p>4.5 Bei Auswahl der Zahlungsart Rechnungskauf wird der Kaufpreis f\u00e4llig, nachdem die Ware geliefert und in Rechnung gestellt wurde. In diesem Fall ist der Kaufpreis innerhalb von 14 (vierzehn) Tagen ab Erhalt der Rechnung ohne Abzug zu zahlen, sofern nichts anderes vereinbart ist. Der Verk\u00e4ufer beh\u00e4lt sich vor, die Zahlungsart Rechnungskauf nur bis zu einem bestimmten Bestellvolumen anzubieten und diese Zahlungsart bei \u00dcberschreitung des angegebenen Bestellvolumens abzulehnen. In diesem Fall wird der Verk\u00e4ufer den Kunden in seinen Zahlungsinformationen im Online-Shop auf eine entsprechende Zahlungsbeschr\u00e4nkung hinweisen.<\/p>\n\n\n\n<p>\u200b<\/p>\n\n\n\n<p>5. Liefer- und Versandbedingungen<\/p>\n\n\n\n<p>\u200b<\/p>\n\n\n\n<p>5.1 Die Lieferung von Waren erfolgt auf dem Versandweg an die vom Kunden angegebene Lieferanschrift, sofern nichts anderes vereinbart ist.<\/p>\n\n\n\n<p>\u200b<\/p>\n\n\n\n<p>5.2 Handelt der Kunde als Unternehmer, geht die Gefahr des zuf\u00e4lligen Untergangs und der zuf\u00e4lligen Verschlechterung der verkauften Ware auf den Kunden \u00fcber, sobald der Verk\u00e4ufer die Sache dem Spediteur, dem Frachtf\u00fchrer oder der oder dem sonst zur Ausf\u00fchrung der Versendung bestimmten Person oder Unternehmen ausgeliefert hat. Handelt der Kunde als Verbraucher, geht die Gefahr des zuf\u00e4lligen Untergangs und der zuf\u00e4lligen Verschlechterung der verkauften Ware grunds\u00e4tzlich erst mit \u00dcbergabe der Ware an den Kunden oder eine empfangsberechtigte Person \u00fcber. Abweichend hiervon geht die Gefahr des zuf\u00e4lligen Untergangs und der zuf\u00e4lligen Verschlechterung der verkauften Ware auch bei Verbrauchern bereits auf den Kunden \u00fcber, sobald der Verk\u00e4ufer die Sache dem Spediteur, dem Frachtf\u00fchrer oder der oder dem sonst zur Ausf\u00fchrung der Versendung bestimmten Person oder Unternehmen ausgeliefert hat, wenn der Kunde den Spediteur, den Frachtf\u00fchrer oder die oder das sonst zur Ausf\u00fchrung der Versendung bestimmte Person oder Unternehmen mit der Ausf\u00fchrung beauftragt und der Verk\u00e4ufer dem Kunden diese Person oder dieses Unternehmen zuvor nicht benannt hat.<\/p>\n\n\n\n<p>\u200b<\/p>\n\n\n\n<p>5.3 Bei Selbstabholung informiert der Verk\u00e4ufer den Kunden zun\u00e4chst per E-Mail dar\u00fcber, dass die von ihm bestellte Ware zur Abholung bereitsteht. Nach Erhalt dieser E-Mail kann der Kunde die Ware nach Absprache mit dem Verk\u00e4ufer am Sitz des Verk\u00e4ufers abholen. In diesem Fall werden keine Versandkosten berechnet.<\/p>\n\n\n\n<p>\u200b<\/p>\n\n\n\n<p>6. Eigentumsvorbehalt<\/p>\n\n\n\n<p>\u200b<\/p>\n\n\n\n<p>6.1 Gegen\u00fcber Verbrauchern beh\u00e4lt sich der Verk\u00e4ufer bis zur vollst\u00e4ndigen Bezahlung des geschuldeten Kaufpreises das Eigentum an der gelieferten Ware vor.<\/p>\n\n\n\n<p>\u200b<\/p>\n\n\n\n<p>6.2 Gegen\u00fcber Unternehmern beh\u00e4lt sich der Verk\u00e4ufer bis zur vollst\u00e4ndigen Begleichung aller Forderungen aus einer laufenden Gesch\u00e4ftsbeziehung das Eigentum an der gelieferten Ware vor.<\/p>\n\n\n\n<p>\u200b<\/p>\n\n\n\n<p>6.3 Handelt der Kunde als Unternehmer, so ist er zur Weiterver\u00e4u\u00dferung der Vorbehaltsware im ordnungsgem\u00e4\u00dfen Gesch\u00e4ftsbetrieb berechtigt. S\u00e4mtliche hieraus entstehenden Forderungen gegen Dritte tritt der Kunde in H\u00f6he des jeweiligen Rechnungswertes (einschlie\u00dflich Umsatzsteuer) im Voraus an den Verk\u00e4ufer ab. Diese Abtretung gilt unabh\u00e4ngig davon, ob die Vorbehaltsware ohne oder nach Verarbeitung weiterverkauft worden ist. Der Kunde bleibt zur Einziehung der Forderungen auch nach der Abtretung erm\u00e4chtigt. Die Befugnis des Verk\u00e4ufers, die Forderungen selbst einzuziehen, bleibt davon unber\u00fchrt. Der Verk\u00e4ufer wird jedoch die Forderungen nicht einziehen, solange der Kunde seinen Zahlungsverpflichtungen dem Verk\u00e4ufer gegen\u00fcber nachkommt, nicht in Zahlungsverzug ger\u00e4t und kein Antrag auf Er\u00f6ffnung eines Insolvenzverfahrens gestellt ist.<\/p>\n\n\n\n<p>\u200b<\/p>\n\n\n\n<p>7. Gew\u00e4hrleistung<\/p>\n\n\n\n<p>\u200b<\/p>\n\n\n\n<p>\u200b<\/p>\n\n\n\n<p>Ist die Ware oder Dienstleistung mangelhaft, gelten die Vorschriften der gesetzlichen Gew\u00e4hrleistung. Hiervon abweichend gilt:<\/p>\n\n\n\n<p>7.1 F\u00fcr Unternehmer<\/p>\n\n\n\n<p>\u200b<\/p>\n\n\n\n<ul class=\"wp-block-list\"><li>hat der Verk\u00e4ufer bei unwesentlichen M\u00e4ngeln die Wahl der Art der M\u00e4ngelbehebung;<\/li><\/ul>\n\n\n\n<ul class=\"wp-block-list\"><li>sind beim Kauf gebrauchter Waren die Rechte und Anspr\u00fcche wegen M\u00e4ngeln grunds\u00e4tzlich ausgeschlossen;<\/li><\/ul>\n\n\n\n<ul class=\"wp-block-list\"><li>beginnt die Verj\u00e4hrung nicht erneut, wenn im Rahmen der Gew\u00e4hrleistung eine Ersatzlieferung erfolgt.<\/li><\/ul>\n\n\n\n<p>\u200b<\/p>\n\n\n\n<p>7.2 Die vorstehend geregelten Haftungsbeschr\u00e4nkungen und Verj\u00e4hrungsfristverk\u00fcrzungen gelten nicht<\/p>\n\n\n\n<ul class=\"wp-block-list\"><li>f\u00fcr Sch\u00e4den aus der Verletzung des Lebens, des K\u00f6rpers oder der Gesundheit oder Sch\u00e4den die auf einer vors\u00e4tzlichen oder fahrl\u00e4ssigen Pflichtverletzung des Verk\u00e4ufers oder einer vors\u00e4tzlichen oder fahrl\u00e4ssigen Pflichtverletzung eines gesetzlichen Vertreters oder Erf\u00fcllungsgehilfen des Verk\u00e4ufers beruhen,<\/li><\/ul>\n\n\n\n<p>\u200b<\/p>\n\n\n\n<ul class=\"wp-block-list\"><li>f\u00fcr den Fall, dass der Verk\u00e4ufer den Mangel arglistig verschwiegen hat.<\/li><\/ul>\n\n\n\n<p>7.3 Weiters gilt f\u00fcr Unternehmer die R\u00fcgepflicht nach \u00a7 377 UGB, ansonsten kann er Anspr\u00fcche auf Gew\u00e4hrleistung, auf Schadenersatz wegen des Mangels selbst sowie aus einem Irrtum \u00fcber die Mangelfreiheit der Sache nicht mehr geltend machen.<\/p>\n\n\n\n<p>\u200b<\/p>\n\n\n\n<p>8. Haftung<\/p>\n\n\n\n<p>\u200b<\/p>\n\n\n\n<p>Der Verk\u00e4ufer haftet dem Kunden aus allen vertraglichen, vertrags\u00e4hnlichen und gesetzlichen, auch deliktischen Anspr\u00fcchen auf Schadens- und Aufwandersatz wie folgt:<\/p>\n\n\n\n<p>\u200b<\/p>\n\n\n\n<p>8.1 Der Verk\u00e4ufer haftet aus jedem Rechtsgrund uneingeschr\u00e4nkt<\/p>\n\n\n\n<ul class=\"wp-block-list\"><li>bei Vorsatz oder grober Fahrl\u00e4ssigkeit,<\/li><li>bei Verletzung des Lebens, des K\u00f6rpers oder der Gesundheit.<\/li><\/ul>\n\n\n\n<p>\u200b<\/p>\n\n\n\n<p>8.2 Im \u00dcbrigen ist eine Haftung des Verk\u00e4ufers ausgeschlossen.<\/p>\n\n\n\n<p>\u200b<\/p>\n\n\n\n<p>8.3 Vorstehende Haftungsregelungen gelten auch im Hinblick auf die Haftung des Verk\u00e4ufers f\u00fcr seine Erf\u00fcllungsgehilfen und gesetzlichen Vertreter.<\/p>\n\n\n\n<p>\u200b<\/p>\n\n\n\n<p>9. Anwendbares Recht<\/p>\n\n\n\n<p>\u200b<\/p>\n\n\n\n<p>9.1 F\u00fcr s\u00e4mtliche Rechtsbeziehungen der Parteien gilt das Recht der Republik \u00d6sterreich unter Ausschluss des UN-Kaufrechts. Bei Verbrauchern gilt diese Rechtswahl nur insoweit, als nicht der gew\u00e4hrte Schutz durch zwingende Bestimmungen des Rechts des Staates, in dem der Verbraucher seinen gew\u00f6hnlichen Aufenthalt hat, entzogen wird.<\/p>\n\n\n\n<p>9.2 Ferner gilt diese Rechtswahl im Hinblick auf das gesetzliche R\u00fccktrittsrecht nicht bei Verbrauchern, die zum Zeitpunkt des Vertragsschlusses keinem Mitgliedstaat der Europ\u00e4ischen Union angeh\u00f6ren und deren alleiniger Wohnsitz und Lieferadresse zum Zeitpunkt des Vertragsschlusses au\u00dferhalb der Europ\u00e4ischen Union liegen, sofern nicht das Recht des Staates, in dem der Verbraucher seinen gew\u00f6hnlichen Aufenthalt hat, ein R\u00fccktrittsrecht vorsieht.<\/p>\n\n\n\n<p>\u200b<\/p>\n\n\n\n<p>10. Alternative Streitbeilegung<\/p>\n\n\n\n<p>\u200b<\/p>\n\n\n\n<p>10.1 Die EU-Kommission stellt im Internet unter folgendem Link eine Plattform zur Online-Streitbeilegung bereit: http:\/\/ec.europa.eu\/consumers\/odr<\/p>\n\n\n\n<p>Diese Plattform dient als Anlaufstelle zur au\u00dfergerichtlichen Beilegung von Streitigkeiten aus Online-Kauf- oder Dienstleistungsvertr\u00e4gen, an denen ein Verbraucher beteiligt ist.<\/p>","protected":false},"excerpt":{"rendered":"<p>Allgemeine Gesch\u00e4ftsbedingungen mit Kundeninformationen Inhaltsverzeichnis \u200b Geltungsbereich Vertragsschluss R\u00fccktrittsrecht Preise und Zahlungsbedingungen Liefer- und Versandbedingungen Eigentumsvorbehalt Gew\u00e4hrleistung Haftung Anwendbares Recht Alternative Streitbeilegung \u200b 1.&nbsp; Geltungsbereich&#8230;<\/p>","protected":false},"author":1,"featured_media":0,"parent":0,"menu_order":0,"comment_status":"closed","ping_status":"open","template":"","meta":{"footnotes":""},"class_list":["post-8122","page","type-page","status-publish","hentry"],"_links":{"self":[{"href":"https:\/\/husein-products.com\/en\/wp-json\/wp\/v2\/pages\/8122","targetHints":{"allow":["GET"]}}],"collection":[{"href":"https:\/\/husein-products.com\/en\/wp-json\/wp\/v2\/pages"}],"about":[{"href":"https:\/\/husein-products.com\/en\/wp-json\/wp\/v2\/types\/page"}],"author":[{"embeddable":true,"href":"https:\/\/husein-products.com\/en\/wp-json\/wp\/v2\/users\/1"}],"replies":[{"embeddable":true,"href":"https:\/\/husein-products.com\/en\/wp-json\/wp\/v2\/comments?post=8122"}],"version-history":[{"count":0,"href":"https:\/\/husein-products.com\/en\/wp-json\/wp\/v2\/pages\/8122\/revisions"}],"wp:attachment":[{"href":"https:\/\/husein-products.com\/en\/wp-json\/wp\/v2\/media?parent=8122"}],"curies":[{"name":"wp","href":"https:\/\/api.w.org\/{rel}","templated":true}]}}