{"id":2,"date":"2021-01-31T12:28:47","date_gmt":"2021-01-31T11:28:47","guid":{"rendered":"https:\/\/husein-products.com\/?page_id=2"},"modified":"2024-08-12T18:32:36","modified_gmt":"2024-08-12T16:32:36","slug":"impressum","status":"publish","type":"page","link":"https:\/\/husein-products.com\/en\/impressum\/","title":{"rendered":"Imprint"},"content":{"rendered":"<p>Firmenname: Husein Products KG<br>Addresse: Prager Stra\u00dfe 92\/13, T\u00fcr 10, 1210 Wien \u00d6sterreich<br>Website: husein-products.com<br>Email: verkauf@husein-products.com<br>Telefon: +43 664 543 96 81<\/p>\n\n\n\n<p><br>UID-Nummer: ATU 75192328<br>Firmenbuch-Nummer: FN 517204w<br>Firmenbuchgericht: Handelsgericht Wien<\/p>\n\n\n\n<p><br>Mitglied der Wirtschaftskammer (WKO): Lebensmittelhandel<br>Aufsichtsbeh\u00f6rde: Magistratisches Bezirksamt des 21.Bezirks<br>Unternehmensgegenstand: Einzelhandel mit Lebensmittel<br>Gesch\u00e4ftsf\u00fchrer: Husein Tschalaev, Khasan Khalkaev, Islam Chalaev, Iman Asueva<\/p>\n\n\n\n<p><br>Urheberrecht:<br>\u00a9\ufe0f Alle Rechte vorbehalten.<br>Insbesondere d\u00fcrfen Vervielf\u00e4ltigungen nur nach vorheriger schriftlicher Zustimmung des Anbieters erfolgen. Mit der Nutzung der Website husein-products.com erkl\u00e4ren Sie sich mit unseren<br>Nutzungsbedingungen einverstanden. F\u00fcr die Richtigkeit und<br>Vollst\u00e4ndigkeit wird keine Gew\u00e4hr \u00fcbernommen. Dasselbe gilt f\u00fcr die<br>Inhalte Dritter, die \u00fcber diese Seiten zug\u00e4nglich gemacht werden. In<br>keinem Fall wird f\u00fcr Sch\u00e4den, die sich aus der Verwendung der<br>abgerufenen Informationen oder dem Versenden von Informationen ergeben k\u00f6nnten, eine Haftung \u00fcbernommen.<\/p>\n\n\n\n<p>\u200b<\/p>\n\n\n\n<p>Haftungsausschluss:<br>Die bereitgestellten Informationen auf der Website husein-products.com wurden sorgf\u00e4ltig gepr\u00fcft und werden regelm\u00e4\u00dfig aktualisiert. Jedoch kann keine Haftung oder Garantie daf\u00fcr \u00fcbernommen werden, dass alle Angaben zu jeder Zeit vollst\u00e4ndig, richtig und in letzter Aktualit\u00e4t dargestellt sind. Dies gilt insbesondere f\u00fcr alle \u201cLinks\u201d zu anderen Websites, auf die direkt oder indirekt verwiesen wird.<\/p>\n\n\n\n<p>\u200b<\/p>","protected":false},"excerpt":{"rendered":"<p>Firmenname: Husein Products KGAddresse: Prager Stra\u00dfe 92\/13, T\u00fcr 10, 1210 Wien \u00d6sterreichWebsite: husein-products.comEmail: verkauf@husein-products.comTelefon: +43 664 543 96 81 UID-Nummer: ATU 75192328Firmenbuch-Nummer: FN 517204wFirmenbuchgericht: Handelsgericht&#8230;<\/p>","protected":false},"author":1,"featured_media":0,"parent":0,"menu_order":0,"comment_status":"closed","ping_status":"open","template":"","meta":{"footnotes":""},"class_list":["post-2","page","type-page","status-publish","hentry"],"_links":{"self":[{"href":"https:\/\/husein-products.com\/en\/wp-json\/wp\/v2\/pages\/2","targetHints":{"allow":["GET"]}}],"collection":[{"href":"https:\/\/husein-products.com\/en\/wp-json\/wp\/v2\/pages"}],"about":[{"href":"https:\/\/husein-products.com\/en\/wp-json\/wp\/v2\/types\/page"}],"author":[{"embeddable":true,"href":"https:\/\/husein-products.com\/en\/wp-json\/wp\/v2\/users\/1"}],"replies":[{"embeddable":true,"href":"https:\/\/husein-products.com\/en\/wp-json\/wp\/v2\/comments?post=2"}],"version-history":[{"count":0,"href":"https:\/\/husein-products.com\/en\/wp-json\/wp\/v2\/pages\/2\/revisions"}],"wp:attachment":[{"href":"https:\/\/husein-products.com\/en\/wp-json\/wp\/v2\/media?parent=2"}],"curies":[{"name":"wp","href":"https:\/\/api.w.org\/{rel}","templated":true}]}}